{"id":1006,"date":"2023-03-14T03:35:22","date_gmt":"2023-03-14T02:35:22","guid":{"rendered":"https:\/\/transfers2airport.be\/?page_id=1006"},"modified":"2026-03-07T00:58:36","modified_gmt":"2026-03-06T23:58:36","slug":"privacy-policy","status":"publish","type":"page","link":"https:\/\/transfers2airport.be\/fr\/privacy-policy\/","title":{"rendered":"Politique de Confidentialit\u00e9"},"content":{"rendered":"<div data-elementor-type=\"wp-page\" data-elementor-id=\"1006\" class=\"elementor elementor-1006\">\n\t\t\t\t\t\t<section class=\"elementor-section elementor-top-section elementor-element elementor-element-b9b2bab elementor-section-full_width elementor-section-height-default elementor-section-height-default\" data-id=\"b9b2bab\" data-element_type=\"section\" data-e-type=\"section\">\n\t\t\t\t\t\t<div class=\"elementor-container elementor-column-gap-no\">\n\t\t\t\t\t<div class=\"elementor-column elementor-col-50 elementor-top-column elementor-element elementor-element-750c6357\" data-id=\"750c6357\" data-element_type=\"column\" data-e-type=\"column\">\n\t\t\t<div class=\"elementor-widget-wrap elementor-element-populated\">\n\t\t\t\t\t\t<div class=\"elementor-element elementor-element-2a5d993a elementor-widget elementor-widget-heading\" data-id=\"2a5d993a\" data-element_type=\"widget\" data-e-type=\"widget\" data-widget_type=\"heading.default\">\n\t\t\t\t<div class=\"elementor-widget-container\">\n\t\t\t\t\t<h1 class=\"elementor-heading-title elementor-size-default\">Politique de Confidentialit\u00e9<\/h1>\t\t\t\t<\/div>\n\t\t\t\t<\/div>\n\t\t\t\t<div class=\"elementor-element elementor-element-1c186457 elementor-widget-divider--view-line elementor-widget elementor-widget-divider\" data-id=\"1c186457\" data-element_type=\"widget\" data-e-type=\"widget\" data-widget_type=\"divider.default\">\n\t\t\t\t<div class=\"elementor-widget-container\">\n\t\t\t\t\t\t\t<div class=\"elementor-divider\">\n\t\t\t<span class=\"elementor-divider-separator\">\n\t\t\t\t\t\t<\/span>\n\t\t<\/div>\n\t\t\t\t\t\t<\/div>\n\t\t\t\t<\/div>\n\t\t\t\t\t<\/div>\n\t\t<\/div>\n\t\t\t\t<div class=\"elementor-column elementor-col-50 elementor-top-column elementor-element elementor-element-56e689fb\" data-id=\"56e689fb\" data-element_type=\"column\" data-e-type=\"column\" data-settings=\"{&quot;background_background&quot;:&quot;classic&quot;}\">\n\t\t\t<div class=\"elementor-widget-wrap\">\n\t\t\t\t\t\t\t<\/div>\n\t\t<\/div>\n\t\t\t\t\t<\/div>\n\t\t<\/section>\n\t\t\t\t<section class=\"elementor-section elementor-top-section elementor-element elementor-element-171643e4 elementor-section-boxed elementor-section-height-default elementor-section-height-default\" data-id=\"171643e4\" data-element_type=\"section\" data-e-type=\"section\">\n\t\t\t\t\t\t<div class=\"elementor-container elementor-column-gap-default\">\n\t\t\t\t\t<div class=\"elementor-column elementor-col-100 elementor-top-column elementor-element elementor-element-2a8b5b29\" data-id=\"2a8b5b29\" data-element_type=\"column\" data-e-type=\"column\">\n\t\t\t<div class=\"elementor-widget-wrap elementor-element-populated\">\n\t\t\t\t\t\t<div class=\"elementor-element elementor-element-6dbf1bb9 elementor-widget elementor-widget-html\" data-id=\"6dbf1bb9\" data-element_type=\"widget\" data-e-type=\"widget\" data-widget_type=\"html.default\">\n\t\t\t\t<div class=\"elementor-widget-container\">\n\t\t\t\t\t<h1 class=\"privacy-policy-h1\">Politique de Confidentialit\u00e9\r\n<br><span>Date d'entr\u00e9e en vigueur: 30\/08\/2025<\/span>\r\n<br><span>Derni\u00e8re mise \u00e0 jour: 30\/08\/2025<\/span>\r\n<\/h1>\r\n\r\n<p class=\"privacy-policy-p\">\r\n    Cette politique de confidentialit\u00e9 d\u00e9crit les politiques de\n\n     transferts2a\u00e9roport,\n     Rue des Foug\u00e8res 198,\n     Hainaut\n     6010,\n     Belgique,\n     email: info@transfers2airport.be,\n     t\u00e9l\u00e9phone : +32492360039\n\n     sur la collecte,\n     l'utilisation et la divulgation de vos informations que nous collectons\n     lorsque vous utilisez notre site Internet ( https:\/\/transfers2airport.be\/ ).\n     (le service\"). En acc\u00e9dant ou en utilisant\n     le\n     Service, vous consentez \u00e0 la collecte, \u00e0 l'utilisation et\n     divulgation de vos informations conform\u00e9ment \u00e0 la pr\u00e9sente\n     Politique de confidentialit\u00e9. Si vous n'y consentez pas,\n     veuillez ne pas acc\u00e9der ou utiliser le Service.\r\n<\/p>\r\n\r\n<p class=\"privacy-policy-p\">\r\n    Nous pouvons modifier cette politique de confidentialit\u00e9 \u00e0 tout moment sans\n     tout avis pr\u00e9alable et publiera la version r\u00e9vis\u00e9e\n     Politique de confidentialit\u00e9 sur le Service. La Politique r\u00e9vis\u00e9e\n     \u00eatre efficace 180 jours \u00e0 compter de la\n     la Politique r\u00e9vis\u00e9e est publi\u00e9e dans le Service et votre\n     l'acc\u00e8s continu ou l'utilisation du Service apr\u00e8s cette p\u00e9riode\n     constituera votre acceptation de la politique de confidentialit\u00e9 r\u00e9vis\u00e9e\n     Politique. Nous vous recommandons donc de proc\u00e9der p\u00e9riodiquement\n     revoir cette page.\r\n<\/p>\r\n\r\n<ol class=\"privacy-policy-ol\">\r\n        <li>\r\n        <h2 class=\"privacy-policy-h2\">\r\n            Informations que nous collectons :\r\n        <\/h2>\r\n\r\n        \r\n        <p class=\"privacy-policy-p\">\r\n            Nous collecterons et traiterons les \u00e9l\u00e9ments suivants\n             informations personnelles vous concernant :\r\n        <\/p>\r\n        <ol class=\"privacy-policy-ol\">\r\n\r\n                        <li>Votre Nom<\/li>\r\n            \r\n                        <li>Email<\/li>\r\n            \r\n                        <li>T\u00e9l\u00e9phone portable<\/li>\r\n            \r\n            \r\n            \r\n            \r\n            \r\n                        \r\n                                    \r\n        <\/ol>\r\n        \r\n\r\n        \r\n\r\n    <\/li>\r\n\r\n    \r\n        <li>\r\n        <h2 class=\"privacy-policy-h2\">\r\n            Comment nous collectons vos informations :\r\n        <\/h2>\r\n        <p class=\"privacy-policy-p\">\r\n            Nous recueillons\/recevons des informations vous concernant dans le\n             mani\u00e8re suivante :\r\n        <\/p>\r\n        <ol class=\"privacy-policy-ol\">\r\n\r\n                        <li>Lorsqu'un utilisateur remplit le formulaire d'inscription ou soumet autrement des informations personnelles<\/li>\r\n            <li>Interagit avec le site internet<\/li>\r\n            \r\n                        <li>\u00c0 partir de sources publiques<\/li>\r\n            \r\n        <\/ol>\r\n    <\/li>\r\n\r\n    \r\n\r\n        <li>\r\n        <h2 class=\"privacy-policy-h2\">\r\n            Comment nous utilisons vos informations\u00a0:\r\n        <\/h2>\r\n        <p class=\"privacy-policy-p\">\r\n            Nous utiliserons les informations que nous collectons\n             vous concernant aux fins suivantes :\r\n        <\/p>\r\n        <ol class=\"privacy-policy-ol\">\r\n\r\n            \r\n                        <li>Cr\u00e9er un compte utilisateur<\/li>\r\n            \r\n            \r\n                        <li>Customer feedback collection<\/li>\r\n            \r\n            \r\n            \r\n            \r\n                        <li>Informations administratives<\/li>\r\n            \r\n            \r\n            \r\n            \r\n            \r\n            \r\n                        <li>Manage user account<\/li>\r\n            \r\n        <\/ol>\r\n        <p class=\"privacy-policy-p\">\r\n            Si nous souhaitons utiliser vos informations \u00e0 d'autres fins\n             fin, nous vous demanderons votre consentement et vous\n             utiliser vos informations uniquement \u00e0 la r\u00e9ception de votre\n             consentement et ensuite, uniquement aux fins de\n             qui accordent le consentement \u00e0 moins que nous ne soyons tenus de le faire\n             autrement par la loi.\r\n        <\/p>\r\n    <\/li>\r\n    \r\n    \r\n    <li>\r\n        <h2 class=\"privacy-policy-h2\">\r\n            Comment nous partageons vos informations\u00a0:\r\n        <\/h2>\r\n\r\n\r\n                <p class=\"privacy-policy-p\">\r\n            Nous ne transf\u00e9rerons pas vos informations personnelles\n             \u00e0 un tiers sans solliciter votre consentement,\n             sauf dans des circonstances limit\u00e9es telles que d\u00e9crites\n             dessous:\r\n        <\/p>\r\n        <ol class=\"privacy-policy-ol\">\r\n                        <li>Service publicitaire<\/li>\r\n            \r\n            \r\n                        <li>Agences marketing<\/li>\r\n            \r\n                        <li>Entit\u00e9s juridiques<\/li>\r\n            \r\n                        <li>Analyses<\/li>\r\n            \r\n                        <li>Services de recouvrement de paiement<\/li>\r\n            \r\n                        <li>Data collection & process<\/li>\r\n                    <\/ol>\r\n        \r\n        <p class=\"privacy-policy-p\">\r\n            Nous exigeons que ces tiers utilisent le\n             informations personnelles que nous leur transf\u00e9rons uniquement\n             aux fins pour lesquelles il a \u00e9t\u00e9 transf\u00e9r\u00e9 et\n             de ne pas le conserver plus longtemps que n\u00e9cessaire pour\n             remplissant ladite finalit\u00e9.\r\n        <\/p>\r\n        <p class=\"privacy-policy-p\">\r\n            Nous pouvons \u00e9galement divulguer vos informations personnelles\n             pour ce qui suit : (1) pour se conformer aux\n             loi, r\u00e9glementation, ordonnance d'un tribunal ou autre\n             processus; (2) pour faire respecter vos accords avec nous,\n             y compris cette politique de confidentialit\u00e9\u00a0; ou (3) pour r\u00e9pondre\n             aux r\u00e9clamations que votre utilisation du Service viole\n             aucun droit de tiers. Si le Service ou notre\n             soci\u00e9t\u00e9 est fusionn\u00e9e ou acquise avec une autre\n             soci\u00e9t\u00e9, vos informations seront l'une des\n             actifs transf\u00e9r\u00e9s au nouveau propri\u00e9taire.\r\n        <\/p>\r\n    <\/li>\r\n    \r\n\r\n        <li>\r\n        <h2 class=\"privacy-policy-h2\">\r\n            Conservation de vos informations\u00a0:\r\n        <\/h2>\r\n        <p class=\"privacy-policy-p\">\r\n            Nous conserverons vos informations personnelles avec nous\n             pour\n                         90 jours \u00e0 2 ans apr\u00e8s que les utilisateurs ont r\u00e9sili\u00e9 leurs comptes\n                         ou pour comme\n             tant que nous en avons besoin pour remplir les objectifs de\n             dont il a \u00e9t\u00e9 collect\u00e9 comme d\u00e9taill\u00e9 dans ce\n             Politique de confidentialit\u00e9. Nous devrons peut-\u00eatre retenir certains\n             informations pour des p\u00e9riodes plus longues telles que\n             tenue de registres \/ rapports conform\u00e9ment \u00e0\n             loi applicable ou pour d'autres motifs l\u00e9gitimes\n             comme l'application des droits l\u00e9gaux, la fraude\n             pr\u00e9vention, etc. Informations anonymes r\u00e9siduelles\n             et des informations agr\u00e9g\u00e9es, dont aucune\n             vous identifie (directement ou indirectement), peut \u00eatre\n             stock\u00e9es ind\u00e9finiment.\r\n        <\/p>\r\n    <\/li>\r\n    \r\n    <li>\r\n        <h2 class=\"privacy-policy-h2\">\r\n            Vos droits:\r\n        <\/h2>\r\n        <p class=\"privacy-policy-p\">\r\n            Selon la loi qui s'applique, vous pourriez avoir\n             un droit d'acc\u00e8s et de rectification ou d'effacement de vos\n             donn\u00e9es personnelles ou recevoir une copie de vos donn\u00e9es personnelles\n             donn\u00e9es, restreindre ou s'opposer \u00e0 l'actif\n             traitement de vos donn\u00e9es, demandez-nous de partager (port)\n             vos informations personnelles \u00e0 une autre entit\u00e9,\n             retirer tout consentement que vous nous avez fourni pour\n             traiter vos donn\u00e9es, un droit d'introduire une r\u00e9clamation\n             avec une autorit\u00e9 statutaire et de tels autres droits\n             comme cela peut \u00eatre pertinent en vertu des lois applicables. Pour\n             exercer ces droits, vous pouvez nous \u00e9crire \u00e0\n             info@transfers2airport.be.\n             Nous r\u00e9pondrons \u00e0 votre\n             demande conform\u00e9ment \u00e0 la loi applicable.\r\n        <\/p>\r\n\r\n        \r\n        <p class=\"privacy-policy-p\">\r\n            Notez que si vous ne nous autorisez pas \u00e0 collecter\n             ou traiter les informations personnelles requises ou\n             retirer le consentement \u00e0 traiter le m\u00eame pour le\n             fins requises, vous ne pourrez peut-\u00eatre pas acc\u00e9der\n             ou utiliser les services pour lesquels vos informations\n             \u00e9tait recherch\u00e9.\r\n        <\/p>\r\n    <\/li>\r\n        <li>\r\n        <h2 class=\"privacy-policy-h2\">\r\n            Cookies Etc.\r\n        <\/h2>\r\n        <p class=\"privacy-policy-p\">\r\n\r\n            \r\n            Pour en savoir plus sur la fa\u00e7on dont nous utilisons ces\n             et vos choix par rapport \u00e0 ces suivis\n             technologies, veuillez consulter notre\r\n            <a href=\"https:\/\/transfers2airport.be\/fr\/cookie-policy\/\">Politique relative aux cookies.<\/a>\r\n        <\/p>\r\n    <\/li>\r\n    \r\n    <li>\r\n        <h2 class=\"privacy-policy-h2\">\r\n            S\u00e9curit\u00e9:\r\n        <\/h2>\r\n        <p class=\"privacy-policy-p\">\r\n            La s\u00e9curit\u00e9 de vos informations est importante pour\n             nous et nous utiliserons des mesures de s\u00e9curit\u00e9 raisonnables\n             pour emp\u00eacher la perte, l'utilisation abusive ou non autoris\u00e9e\n             modification de vos informations dans le cadre de notre\n             contr\u00f4le. Cependant, \u00e9tant donn\u00e9 les risques inh\u00e9rents, nous\n             ne peut garantir une s\u00e9curit\u00e9 absolue et\n             par cons\u00e9quent, nous ne pouvons assurer ou garantir la\n             la s\u00e9curit\u00e9 de toute information que vous nous transmettez\n             et vous le faites \u00e0 vos risques et p\u00e9rils.\r\n        <\/p>\r\n    <\/li>\r\n\r\n        <li>\r\n        <h2 class=\"privacy-policy-h2\">\r\n            Liens tiers et utilisation de vos informations\u00a0:\r\n        <\/h2>\r\n        <p class=\"privacy-policy-p\">\r\n            Notre service peut contenir des liens vers d'autres sites Web\n             qui ne sont pas exploit\u00e9s par nous. Cette politique de confidentialit\u00e9\n             ne traite pas de la politique de confidentialit\u00e9 et d'autres\n             pratiques de tout tiers, y compris tout\n             tiers exploitant un site Web ou un service\n             qui peut \u00eatre accessible via un lien sur le\n             Service. Nous vous conseillons vivement de consulter\n             politique de confidentialit\u00e9 de chaque site que vous visitez. Nous avons\n             aucun contr\u00f4le sur et n'assume aucune responsabilit\u00e9 pour\n             le contenu, les politiques de confidentialit\u00e9 ou les pratiques de\n             tout site ou service tiers.\r\n        <\/p>\r\n    <\/li>\r\n    \r\n    <li>\r\n        <h2 class=\"privacy-policy-h2\">\r\n            D\u00e9l\u00e9gu\u00e9 \/ D\u00e9l\u00e9gu\u00e9 \u00e0 la protection des donn\u00e9es\u00a0:\r\n        <\/h2>\r\n        <p class=\"privacy-policy-p\">\r\n            Si vous avez des questions ou des pr\u00e9occupations concernant le\n             traitement de vos informations disponibles\n             avec nous, vous pouvez envoyer un courriel \u00e0 notre agent des griefs \u00e0\n             transfers2airport.be,\n             Rue des Foug\u00e8res 198,\n             email: info@transfers2airport.be.\n             Nous r\u00e9pondrons \u00e0 vos pr\u00e9occupations conform\u00e9ment \u00e0 la loi applicable.\r\n        <\/p>\r\n    <\/li>\r\n<\/ol>\r\n<\/p>\t\t\t\t<\/div>\n\t\t\t\t<\/div>\n\t\t\t\t\t<\/div>\n\t\t<\/div>\n\t\t\t\t\t<\/div>\n\t\t<\/section>\n\t\t\t\t<\/div>","protected":false},"excerpt":{"rendered":"<p>Privacy Policy Privacy Policy Last Updated On 30-Aug-2025 Effective Date 30-Aug-2025 This Privacy Policy describes the policies of transfers2airport.be, Rue des Fougeres 198, Hainaut 6010, Belgium, email: info@transfers2airport.be, phone: +32492360039 on the collection, use and disclosure of your information that we collect when you use our website ( https:\/\/transfers2airport.be ). (the \u201cService\u201d). By accessing or [&hellip;]<\/p>\n","protected":false},"author":1,"featured_media":0,"parent":0,"menu_order":0,"comment_status":"closed","ping_status":"closed","template":"","meta":{"footnotes":""},"class_list":["post-1006","page","type-page","status-publish","hentry"],"aioseo_notices":[],"_links":{"self":[{"href":"https:\/\/transfers2airport.be\/fr\/wp-json\/wp\/v2\/pages\/1006","targetHints":{"allow":["GET"]}}],"collection":[{"href":"https:\/\/transfers2airport.be\/fr\/wp-json\/wp\/v2\/pages"}],"about":[{"href":"https:\/\/transfers2airport.be\/fr\/wp-json\/wp\/v2\/types\/page"}],"author":[{"embeddable":true,"href":"https:\/\/transfers2airport.be\/fr\/wp-json\/wp\/v2\/users\/1"}],"replies":[{"embeddable":true,"href":"https:\/\/transfers2airport.be\/fr\/wp-json\/wp\/v2\/comments?post=1006"}],"version-history":[{"count":21,"href":"https:\/\/transfers2airport.be\/fr\/wp-json\/wp\/v2\/pages\/1006\/revisions"}],"predecessor-version":[{"id":8543,"href":"https:\/\/transfers2airport.be\/fr\/wp-json\/wp\/v2\/pages\/1006\/revisions\/8543"}],"wp:attachment":[{"href":"https:\/\/transfers2airport.be\/fr\/wp-json\/wp\/v2\/media?parent=1006"}],"curies":[{"name":"wp","href":"https:\/\/api.w.org\/{rel}","templated":true}]}}