{"id":2676,"date":"2023-09-10T22:18:11","date_gmt":"2023-09-10T21:18:11","guid":{"rendered":"https:\/\/transfers2airport.be\/?page_id=2676"},"modified":"2026-03-08T21:50:36","modified_gmt":"2026-03-08T20:50:36","slug":"about","status":"publish","type":"page","link":"https:\/\/transfers2airport.be\/fr\/about\/","title":{"rendered":"Airport Transfers in Belgium, Done Right \u2013 Safe, Private, Seamless"},"content":{"rendered":"<div data-elementor-type=\"wp-page\" data-elementor-id=\"2676\" class=\"elementor elementor-2676\">\n\t\t\t\t\t\t<header class=\"elementor-section elementor-top-section elementor-element elementor-element-3ad02d33 elementor-section-full_width elementor-section-height-default elementor-section-height-default\" data-id=\"3ad02d33\" data-element_type=\"section\" data-e-type=\"section\" id=\"top\">\n\t\t\t\t\t\t<div class=\"elementor-container elementor-column-gap-no\">\n\t\t\t\t\t<div class=\"elementor-column elementor-col-50 elementor-top-column elementor-element elementor-element-29e4cc6d\" data-id=\"29e4cc6d\" data-element_type=\"column\" data-e-type=\"column\">\n\t\t\t<div class=\"elementor-widget-wrap elementor-element-populated\">\n\t\t\t\t\t\t<div class=\"elementor-element elementor-element-10d30319 elementor-widget elementor-widget-heading\" data-id=\"10d30319\" data-element_type=\"widget\" data-e-type=\"widget\" data-widget_type=\"heading.default\">\n\t\t\t\t<div class=\"elementor-widget-container\">\n\t\t\t\t\t<h1 class=\"elementor-heading-title elementor-size-default\">\u00c0 propos<\/h1>\t\t\t\t<\/div>\n\t\t\t\t<\/div>\n\t\t\t\t<div class=\"elementor-element elementor-element-5e1787e elementor-widget-divider--view-line elementor-widget elementor-widget-divider\" data-id=\"5e1787e\" data-element_type=\"widget\" data-e-type=\"widget\" data-widget_type=\"divider.default\">\n\t\t\t\t<div class=\"elementor-widget-container\">\n\t\t\t\t\t\t\t<div class=\"elementor-divider\">\n\t\t\t<span class=\"elementor-divider-separator\">\n\t\t\t\t\t\t<\/span>\n\t\t<\/div>\n\t\t\t\t\t\t<\/div>\n\t\t\t\t<\/div>\n\t\t\t\t<div class=\"elementor-element elementor-element-df3ad27 elementor-widget__width-initial elementor-widget elementor-widget-text-editor\" data-id=\"df3ad27\" data-element_type=\"widget\" data-e-type=\"widget\" data-widget_type=\"text-editor.default\">\n\t\t\t\t<div class=\"elementor-widget-container\">\n\t\t\t\t\t\t\t\t\t<p><strong>Notre entreprise<\/strong><\/p>\t\t\t\t\t\t\t\t<\/div>\n\t\t\t\t<\/div>\n\t\t\t\t\t<\/div>\n\t\t<\/div>\n\t\t\t\t<div class=\"elementor-column elementor-col-50 elementor-top-column elementor-element elementor-element-26415430 elementor-hidden-mobile elementor-hidden-tablet\" data-id=\"26415430\" data-element_type=\"column\" data-e-type=\"column\" data-settings=\"{&quot;background_background&quot;:&quot;classic&quot;}\">\n\t\t\t<div class=\"elementor-widget-wrap elementor-element-populated\">\n\t\t\t\t\t\t<div class=\"elementor-element elementor-element-8a1c492 elementor-widget elementor-widget-spacer\" data-id=\"8a1c492\" data-element_type=\"widget\" data-e-type=\"widget\" data-widget_type=\"spacer.default\">\n\t\t\t\t<div class=\"elementor-widget-container\">\n\t\t\t\t\t\t\t<div class=\"elementor-spacer\">\n\t\t\t<div class=\"elementor-spacer-inner\"><\/div>\n\t\t<\/div>\n\t\t\t\t\t\t<\/div>\n\t\t\t\t<\/div>\n\t\t\t\t<div class=\"elementor-element elementor-element-3b48998 elementor-widget elementor-widget-image\" data-id=\"3b48998\" data-element_type=\"widget\" data-e-type=\"widget\" data-widget_type=\"image.default\">\n\t\t\t\t<div class=\"elementor-widget-container\">\n\t\t\t\t\t\t\t\t\t\t\t\t\t\t\t<img fetchpriority=\"high\" decoding=\"async\" width=\"300\" height=\"200\" src=\"https:\/\/transfers2airport.be\/wp-content\/uploads\/2026\/01\/garage-300x200.png\" class=\"attachment-medium size-medium wp-image-7511\" alt=\"Mercedes-Benz minivan for airport transfers in Belgium\" srcset=\"https:\/\/transfers2airport.be\/wp-content\/uploads\/2026\/01\/garage-300x200.png 300w, https:\/\/transfers2airport.be\/wp-content\/uploads\/2026\/01\/garage-768x511.png 768w, https:\/\/transfers2airport.be\/wp-content\/uploads\/2026\/01\/garage-18x12.png 18w, https:\/\/transfers2airport.be\/wp-content\/uploads\/2026\/01\/garage.png 1003w\" sizes=\"(max-width: 300px) 100vw, 300px\" \/>\t\t\t\t\t\t\t\t\t\t\t\t\t\t\t<\/div>\n\t\t\t\t<\/div>\n\t\t\t\t\t<\/div>\n\t\t<\/div>\n\t\t\t\t\t<\/div>\n\t\t<\/header>\n\t\t\t\t<section class=\"elementor-section elementor-top-section elementor-element elementor-element-211f4f17 elementor-section-boxed elementor-section-height-default elementor-section-height-default\" data-id=\"211f4f17\" data-element_type=\"section\" data-e-type=\"section\">\n\t\t\t\t\t\t<div class=\"elementor-container elementor-column-gap-default\">\n\t\t\t\t\t<div class=\"elementor-column elementor-col-100 elementor-top-column elementor-element elementor-element-19dcdea2\" data-id=\"19dcdea2\" data-element_type=\"column\" data-e-type=\"column\">\n\t\t\t<div class=\"elementor-widget-wrap elementor-element-populated\">\n\t\t\t\t\t\t<div class=\"elementor-element elementor-element-508e027a elementor-widget elementor-widget-text-editor\" data-id=\"508e027a\" data-element_type=\"widget\" data-e-type=\"widget\" data-widget_type=\"text-editor.default\">\n\t\t\t\t<div class=\"elementor-widget-container\">\n\t\t\t\t\t\t\t\t\t<p data-start=\"321\" data-end=\"649\" class=\"translation-block\">Depuis pr\u00e8s de dix ans, <span style=\"color: #003300\"><strong>transfers2airport.be<\/strong><\/span> est un prestataire de confiance sp\u00e9cialis\u00e9 dans les services professionnels de <span style=\"color: #003300\"><strong>transfert a\u00e9roport<\/strong><\/span> et de <span style=\"color: #003300\"><strong>taxi a\u00e9roport<\/strong><\/span> en Belgique et \u00e0 l\u2019international. Nous sommes experts dans les <span style=\"color: #003300\"><strong>transferts a\u00e9roport<\/strong><\/span> fiables, confortables et ponctuels, destin\u00e9s aussi bien aux voyageurs priv\u00e9s qu\u2019aux professionnels, afin de garantir un trajet fluide et sans souci, de porte \u00e0 porte.<\/p>\n<p data-start=\"651\" data-end=\"1019\" class=\"translation-block\">Gr\u00e2ce \u00e0 une flotte moderne et vari\u00e9e de v\u00e9hicules avec chauffeur, nous proposons des solutions de transport sur mesure pour les particuliers, les familles et les groupes. Que vous ayez besoin d\u2019une <span style=\"color: #003300\"><strong>navette a\u00e9roport<\/strong><\/span> vers <span style=\"color: #003300\"><strong>l\u2019a\u00e9roport de Bruxelles<\/strong><\/span>, d\u2019un transfert priv\u00e9 vers <span style=\"color: #003300\"><strong>l\u2019a\u00e9roport de Charleroi<\/strong><\/span>, ou d\u2019une solution de transport personnalis\u00e9e pour un \u00e9v\u00e9nement sp\u00e9cial, nous vous garantissons confort, discr\u00e9tion et efficacit\u00e9 \u00e0 chaque \u00e9tape du trajet.<\/p>\n<p data-start=\"1021\" data-end=\"1404\" class=\"translation-block\">Notre tarification fixe et transparente rend l\u2019organisation de votre <span style=\"color: #003300\"><strong>transfert a\u00e9roport<\/strong><\/span> simple et sans stress. Nous desservons tous les principaux a\u00e9roports belges, y compris <span style=\"color: #003300\"><strong>l\u2019a\u00e9roport de Bruxelles<\/strong><\/span> et <span style=\"color: #003300\"><strong>l\u2019a\u00e9roport de Charleroi<\/strong><\/span>, ainsi que les terminaux de croisi\u00e8re, les gares, les h\u00f4tels et les adresses priv\u00e9es. Que vous soyez \u00e0 l\u2019arriv\u00e9e ou au d\u00e9part, notre service de <span style=\"color: #003300\"><strong>taxi a\u00e9roport<\/strong><\/span> priv\u00e9 vous garantit une exp\u00e9rience de voyage fluide et confortable.<\/p>\n<p data-start=\"1406\" data-end=\"1762\" class=\"translation-block\">Au-del\u00e0 des <span style=\"color: #003300\"><strong>transferts a\u00e9roport<\/strong><\/span> standards, nous proposons \u00e9galement des services personnalis\u00e9s tels que des visites de villes priv\u00e9es, des excursions sur mesure \u00e0 travers la Belgique et les pays voisins, ainsi que des organisations de voyage compl\u00e8tes sur demande. R\u00e9server \u00e0 l\u2019avance avec transfers2airport.be est la solution la plus pratique pour garantir une <span style=\"color: #003300\"><strong>navette a\u00e9roport<\/strong><\/span> fiable, ponctuelle et parfaitement adapt\u00e9e \u00e0 vos besoins.<\/p>\n<p data-start=\"1764\" data-end=\"2013\">Notre flotte comprend des berlines enti\u00e8rement assur\u00e9es, des v\u00e9hicules premium et VIP, ainsi que des minibus et autocars de luxe, tous conduits par des chauffeurs professionnels exp\u00e9riment\u00e9s. Quelle que soit la taille de votre groupe, nous mettons \u00e0 votre disposition le v\u00e9hicule id\u00e9al pour un trajet s\u00fbr, confortable et agr\u00e9able.<\/p>\n<p data-start=\"2015\" data-end=\"2239\" class=\"translation-block\">Gr\u00e2ce \u00e0 notre syst\u00e8me de r\u00e9servation en ligne rapide et convivial, vous pouvez facilement consulter les tarifs, comparer les options et r\u00e9server votre <span style=\"color: #003300\"><strong>transfert a\u00e9roport<\/strong><\/span> en seulement quelques minutes, pour une exp\u00e9rience de voyage fluide et sans effort du d\u00e9but \u00e0 la fin.<\/p>\t\t\t\t\t\t\t\t<\/div>\n\t\t\t\t<\/div>\n\t\t\t\t<div class=\"elementor-element elementor-element-2f7368d3 elementor-align-center elementor-mobile-align-center elementor-widget elementor-widget-button\" data-id=\"2f7368d3\" data-element_type=\"widget\" data-e-type=\"widget\" data-settings=\"{&quot;_animation&quot;:&quot;none&quot;}\" data-widget_type=\"button.default\">\n\t\t\t\t<div class=\"elementor-widget-container\">\n\t\t\t\t\t\t\t\t\t<div class=\"elementor-button-wrapper\">\n\t\t\t\t\t<a class=\"elementor-button elementor-button-link elementor-size-sm\" href=\"https:\/\/transfers2airport.be\/fr\/book-now\/\">\n\t\t\t\t\t\t<span class=\"elementor-button-content-wrapper\">\n\t\t\t\t\t\t\t\t\t<span class=\"elementor-button-text\">R\u00e9servez Maintenant<\/span>\n\t\t\t\t\t<\/span>\n\t\t\t\t\t<\/a>\n\t\t\t\t<\/div>\n\t\t\t\t\t\t\t\t<\/div>\n\t\t\t\t<\/div>\n\t\t\t\t\t<\/div>\n\t\t<\/div>\n\t\t\t\t\t<\/div>\n\t\t<\/section>\n\t\t\t\t<section class=\"elementor-section elementor-top-section elementor-element elementor-element-a636124 elementor-section-boxed elementor-section-height-default elementor-section-height-default\" data-id=\"a636124\" data-element_type=\"section\" data-e-type=\"section\">\n\t\t\t\t\t\t<div class=\"elementor-container elementor-column-gap-default\">\n\t\t\t\t\t<div class=\"elementor-column elementor-col-100 elementor-top-column elementor-element elementor-element-494173b\" data-id=\"494173b\" data-element_type=\"column\" data-e-type=\"column\" data-settings=\"{&quot;background_background&quot;:&quot;classic&quot;}\">\n\t\t\t<div class=\"elementor-widget-wrap elementor-element-populated\">\n\t\t\t\t\t\t<div class=\"elementor-element elementor-element-68e735b6 elementor-widget elementor-widget-image\" data-id=\"68e735b6\" data-element_type=\"widget\" data-e-type=\"widget\" data-widget_type=\"image.default\">\n\t\t\t\t<div class=\"elementor-widget-container\">\n\t\t\t\t\t\t\t\t\t\t\t\t\t\t\t<img decoding=\"async\" width=\"2560\" height=\"1707\" src=\"https:\/\/transfers2airport.be\/wp-content\/uploads\/2024\/01\/shutterstock_1749139784-scaled.jpg\" class=\"attachment-full size-full wp-image-3499\" alt=\"Mercedes-Benz minivan for airport transfers in Belgium\" srcset=\"https:\/\/transfers2airport.be\/wp-content\/uploads\/2024\/01\/shutterstock_1749139784-scaled.jpg 2560w, https:\/\/transfers2airport.be\/wp-content\/uploads\/2024\/01\/shutterstock_1749139784-300x200.jpg 300w, https:\/\/transfers2airport.be\/wp-content\/uploads\/2024\/01\/shutterstock_1749139784-1024x683.jpg 1024w, https:\/\/transfers2airport.be\/wp-content\/uploads\/2024\/01\/shutterstock_1749139784-768x512.jpg 768w, https:\/\/transfers2airport.be\/wp-content\/uploads\/2024\/01\/shutterstock_1749139784-1536x1024.jpg 1536w, https:\/\/transfers2airport.be\/wp-content\/uploads\/2024\/01\/shutterstock_1749139784-2048x1365.jpg 2048w, https:\/\/transfers2airport.be\/wp-content\/uploads\/2024\/01\/shutterstock_1749139784-18x12.jpg 18w\" sizes=\"(max-width: 2560px) 100vw, 2560px\" \/>\t\t\t\t\t\t\t\t\t\t\t\t\t\t\t<\/div>\n\t\t\t\t<\/div>\n\t\t\t\t\t<\/div>\n\t\t<\/div>\n\t\t\t\t\t<\/div>\n\t\t<\/section>\n\t\t<div class=\"elementor-element elementor-element-ab29b7a e-con-full e-flex e-con e-parent\" data-id=\"ab29b7a\" data-element_type=\"container\" data-e-type=\"container\">\n\t\t\t\t<div class=\"elementor-element elementor-element-4ff04dc elementor-widget__width-inherit elementor-hidden-mobile elementor-widget elementor-widget-spacer\" data-id=\"4ff04dc\" data-element_type=\"widget\" data-e-type=\"widget\" data-widget_type=\"spacer.default\">\n\t\t\t\t<div class=\"elementor-widget-container\">\n\t\t\t\t\t\t\t<div class=\"elementor-spacer\">\n\t\t\t<div class=\"elementor-spacer-inner\"><\/div>\n\t\t<\/div>\n\t\t\t\t\t\t<\/div>\n\t\t\t\t<\/div>\n\t\t\t\t<\/div>\n\t\t\t\t<\/div>","protected":false},"excerpt":{"rendered":"<p>Our company has been a trusted leader in airport transfers and taxi services for nearly a decade, providing exceptional, reliable transport solutions for a wide range of travel needs. With a diverse fleet of modern vehicles, we cater to both individual and group requirements, ensuring comfort and convenience every step of the way.<\/p>","protected":false},"author":1,"featured_media":7511,"parent":0,"menu_order":0,"comment_status":"closed","ping_status":"closed","template":"","meta":{"footnotes":""},"class_list":["post-2676","page","type-page","status-publish","has-post-thumbnail","hentry"],"aioseo_notices":[],"_links":{"self":[{"href":"https:\/\/transfers2airport.be\/fr\/wp-json\/wp\/v2\/pages\/2676","targetHints":{"allow":["GET"]}}],"collection":[{"href":"https:\/\/transfers2airport.be\/fr\/wp-json\/wp\/v2\/pages"}],"about":[{"href":"https:\/\/transfers2airport.be\/fr\/wp-json\/wp\/v2\/types\/page"}],"author":[{"embeddable":true,"href":"https:\/\/transfers2airport.be\/fr\/wp-json\/wp\/v2\/users\/1"}],"replies":[{"embeddable":true,"href":"https:\/\/transfers2airport.be\/fr\/wp-json\/wp\/v2\/comments?post=2676"}],"version-history":[{"count":36,"href":"https:\/\/transfers2airport.be\/fr\/wp-json\/wp\/v2\/pages\/2676\/revisions"}],"predecessor-version":[{"id":9038,"href":"https:\/\/transfers2airport.be\/fr\/wp-json\/wp\/v2\/pages\/2676\/revisions\/9038"}],"wp:featuredmedia":[{"embeddable":true,"href":"https:\/\/transfers2airport.be\/fr\/wp-json\/wp\/v2\/media\/7511"}],"wp:attachment":[{"href":"https:\/\/transfers2airport.be\/fr\/wp-json\/wp\/v2\/media?parent=2676"}],"curies":[{"name":"wp","href":"https:\/\/api.w.org\/{rel}","templated":true}]}}