{"id":4533,"date":"2025-04-26T22:08:23","date_gmt":"2025-04-26T21:08:23","guid":{"rendered":"https:\/\/transfers2airport.be\/?page_id=4533"},"modified":"2026-03-07T00:53:50","modified_gmt":"2026-03-06T23:53:50","slug":"how-to-get-from-brussels-airport-to-bruges-best-options","status":"publish","type":"page","link":"https:\/\/transfers2airport.be\/fr\/how-to-get-from-brussels-airport-to-bruges-best-options\/","title":{"rendered":"Comment se rendre de l\u2019a\u00e9roport de Bruxelles \u00e0 Bruges \u2013 Les meilleures options"},"content":{"rendered":"<div data-elementor-type=\"wp-page\" data-elementor-id=\"4533\" class=\"elementor elementor-4533\">\n\t\t\t\t\t\t<section class=\"elementor-section elementor-top-section elementor-element elementor-element-3a574cee elementor-section-boxed elementor-section-height-default elementor-section-height-default\" data-id=\"3a574cee\" data-element_type=\"section\" data-e-type=\"section\" id=\"top\">\n\t\t\t\t\t\t<div class=\"elementor-container elementor-column-gap-no\">\n\t\t\t\t\t<header class=\"elementor-column elementor-col-50 elementor-top-column elementor-element elementor-element-9ffe85e\" data-id=\"9ffe85e\" data-element_type=\"column\" data-e-type=\"column\">\n\t\t\t<div class=\"elementor-widget-wrap elementor-element-populated\">\n\t\t\t\t\t\t<div class=\"elementor-element elementor-element-4bb186e7 elementor-widget elementor-widget-heading\" data-id=\"4bb186e7\" data-element_type=\"widget\" data-e-type=\"widget\" data-widget_type=\"heading.default\">\n\t\t\t\t<div class=\"elementor-widget-container\">\n\t\t\t\t\t<h1 class=\"elementor-heading-title elementor-size-default\">Comment se rendre de l\u2019a\u00e9roport de Bruxelles \u00e0 Bruges \u2013 Les meilleures options<\/h1>\t\t\t\t<\/div>\n\t\t\t\t<\/div>\n\t\t\t\t<div class=\"elementor-element elementor-element-7f0bd809 elementor-widget-divider--view-line elementor-widget elementor-widget-divider\" data-id=\"7f0bd809\" data-element_type=\"widget\" data-e-type=\"widget\" data-widget_type=\"divider.default\">\n\t\t\t\t<div class=\"elementor-widget-container\">\n\t\t\t\t\t\t\t<div class=\"elementor-divider\">\n\t\t\t<span class=\"elementor-divider-separator\">\n\t\t\t\t\t\t<\/span>\n\t\t<\/div>\n\t\t\t\t\t\t<\/div>\n\t\t\t\t<\/div>\n\t\t\t\t\t<\/div>\n\t\t<\/header>\n\t\t\t\t<div class=\"elementor-column elementor-col-50 elementor-top-column elementor-element elementor-element-2f6b07fe\" data-id=\"2f6b07fe\" data-element_type=\"column\" data-e-type=\"column\">\n\t\t\t<div class=\"elementor-widget-wrap elementor-element-populated\">\n\t\t\t\t\t\t<div class=\"elementor-element elementor-element-df5995b elementor-widget elementor-widget-image\" data-id=\"df5995b\" data-element_type=\"widget\" data-e-type=\"widget\" data-widget_type=\"image.default\">\n\t\t\t\t<div class=\"elementor-widget-container\">\n\t\t\t\t\t\t\t\t\t\t\t\t\t\t\t<img fetchpriority=\"high\" decoding=\"async\" width=\"225\" height=\"300\" src=\"https:\/\/transfers2airport.be\/wp-content\/uploads\/2025\/04\/pexels-petra-nesti-1766376-13277927-225x300.jpg\" class=\"attachment-medium size-medium wp-image-4537\" alt=\"\" srcset=\"https:\/\/transfers2airport.be\/wp-content\/uploads\/2025\/04\/pexels-petra-nesti-1766376-13277927-225x300.jpg 225w, https:\/\/transfers2airport.be\/wp-content\/uploads\/2025\/04\/pexels-petra-nesti-1766376-13277927-768x1024.jpg 768w, https:\/\/transfers2airport.be\/wp-content\/uploads\/2025\/04\/pexels-petra-nesti-1766376-13277927-1152x1536.jpg 1152w, https:\/\/transfers2airport.be\/wp-content\/uploads\/2025\/04\/pexels-petra-nesti-1766376-13277927-1536x2048.jpg 1536w, https:\/\/transfers2airport.be\/wp-content\/uploads\/2025\/04\/pexels-petra-nesti-1766376-13277927-9x12.jpg 9w, https:\/\/transfers2airport.be\/wp-content\/uploads\/2025\/04\/pexels-petra-nesti-1766376-13277927-scaled.jpg 1920w\" sizes=\"(max-width: 225px) 100vw, 225px\" \/>\t\t\t\t\t\t\t\t\t\t\t\t\t\t\t<\/div>\n\t\t\t\t<\/div>\n\t\t\t\t\t<\/div>\n\t\t<\/div>\n\t\t\t\t\t<\/div>\n\t\t<\/section>\n\t\t\t\t<main class=\"elementor-section elementor-top-section elementor-element elementor-element-1cefb5fa elementor-section-content-middle elementor-section-boxed elementor-section-height-default elementor-section-height-default\" data-id=\"1cefb5fa\" data-element_type=\"section\" data-e-type=\"section\">\n\t\t\t\t\t\t<div class=\"elementor-container elementor-column-gap-no\">\n\t\t\t\t\t<main class=\"elementor-column elementor-col-50 elementor-top-column elementor-element elementor-element-33484277 elementor-hidden-mobile\" data-id=\"33484277\" data-element_type=\"column\" data-e-type=\"column\" data-settings=\"{&quot;background_background&quot;:&quot;classic&quot;}\">\n\t\t\t<div class=\"elementor-widget-wrap elementor-element-populated\">\n\t\t\t\t\t\t<div class=\"elementor-element elementor-element-d338a52 elementor-hidden-mobile elementor-widget elementor-widget-image\" data-id=\"d338a52\" data-element_type=\"widget\" data-e-type=\"widget\" data-widget_type=\"image.default\">\n\t\t\t\t<div class=\"elementor-widget-container\">\n\t\t\t\t\t\t\t\t\t\t\t\t\t\t\t<img decoding=\"async\" width=\"200\" height=\"300\" src=\"https:\/\/transfers2airport.be\/wp-content\/uploads\/2025\/04\/pexels-bent-vermeiren-734722304-29654958-200x300.jpg\" class=\"attachment-medium size-medium wp-image-4539\" alt=\"\" srcset=\"https:\/\/transfers2airport.be\/wp-content\/uploads\/2025\/04\/pexels-bent-vermeiren-734722304-29654958-200x300.jpg 200w, https:\/\/transfers2airport.be\/wp-content\/uploads\/2025\/04\/pexels-bent-vermeiren-734722304-29654958-683x1024.jpg 683w, https:\/\/transfers2airport.be\/wp-content\/uploads\/2025\/04\/pexels-bent-vermeiren-734722304-29654958-768x1152.jpg 768w, https:\/\/transfers2airport.be\/wp-content\/uploads\/2025\/04\/pexels-bent-vermeiren-734722304-29654958-1024x1536.jpg 1024w, https:\/\/transfers2airport.be\/wp-content\/uploads\/2025\/04\/pexels-bent-vermeiren-734722304-29654958-1365x2048.jpg 1365w, https:\/\/transfers2airport.be\/wp-content\/uploads\/2025\/04\/pexels-bent-vermeiren-734722304-29654958-8x12.jpg 8w, https:\/\/transfers2airport.be\/wp-content\/uploads\/2025\/04\/pexels-bent-vermeiren-734722304-29654958-scaled.jpg 1707w\" sizes=\"(max-width: 200px) 100vw, 200px\" \/>\t\t\t\t\t\t\t\t\t\t\t\t\t\t\t<\/div>\n\t\t\t\t<\/div>\n\t\t\t\t\t<\/div>\n\t\t<\/main>\n\t\t\t\t<main class=\"elementor-column elementor-col-50 elementor-top-column elementor-element elementor-element-41e56cbf\" data-id=\"41e56cbf\" data-element_type=\"column\" data-e-type=\"column\">\n\t\t\t<div class=\"elementor-widget-wrap elementor-element-populated\">\n\t\t\t\t\t\t<div class=\"elementor-element elementor-element-42ecb900 elementor-widget elementor-widget-heading\" data-id=\"42ecb900\" data-element_type=\"widget\" data-e-type=\"widget\" data-widget_type=\"heading.default\">\n\t\t\t\t<div class=\"elementor-widget-container\">\n\t\t\t\t\t<h2 class=\"elementor-heading-title elementor-size-default\">Option 1 : Train de l\u2019a\u00e9roport de Bruxelles \u00e0 Bruges<\/h2>\t\t\t\t<\/div>\n\t\t\t\t<\/div>\n\t\t\t\t<div class=\"elementor-element elementor-element-770455ef elementor-widget__width-inherit elementor-widget elementor-widget-text-editor\" data-id=\"770455ef\" data-element_type=\"widget\" data-e-type=\"widget\" data-widget_type=\"text-editor.default\">\n\t\t\t\t<div class=\"elementor-widget-container\">\n\t\t\t\t\t\t\t\t\t<ul style=\"text-align: left;\"><li>Temps : Environ 90 minutes<\/li><li>Co\u00fbt : Environ 20 \u20ac\u201330 \u20ac par personne<\/li><li>D\u00e9tails:<br \/>La gare est situ\u00e9e \u00e0 l'int\u00e9rieur de l'a\u00e9roport de Bruxelles, juste en dessous du hall des arriv\u00e9es.<br \/>Vous devrez g\u00e9n\u00e9ralement effectuer une correspondance \u00e0 la gare de Bruxelles-Midi pour atteindre Bruges.<\/li><li>Avantages : Abordable et relativement rapide.<\/li><li>Inconv\u00e9nients:<ul><li>Transporter les bagages \u00e0 travers les gares.<\/li><li>Temps d'attente possible entre les correspondances.<\/li><li>Pas id\u00e9al pour les familles, les voyageurs \u00e2g\u00e9s ou les personnes avec des bagages lourds.<\/li><\/ul><\/li><\/ul>\t\t\t\t\t\t\t\t<\/div>\n\t\t\t\t<\/div>\n\t\t\t\t<div class=\"elementor-element elementor-element-57995d7 elementor-hidden-desktop elementor-hidden-tablet elementor-widget elementor-widget-image\" data-id=\"57995d7\" data-element_type=\"widget\" data-e-type=\"widget\" data-widget_type=\"image.default\">\n\t\t\t\t<div class=\"elementor-widget-container\">\n\t\t\t\t\t\t\t\t\t\t\t\t\t\t\t<img decoding=\"async\" width=\"200\" height=\"300\" src=\"https:\/\/transfers2airport.be\/wp-content\/uploads\/2025\/04\/pexels-bent-vermeiren-734722304-29654958-200x300.jpg\" class=\"attachment-medium size-medium wp-image-4539\" alt=\"\" srcset=\"https:\/\/transfers2airport.be\/wp-content\/uploads\/2025\/04\/pexels-bent-vermeiren-734722304-29654958-200x300.jpg 200w, https:\/\/transfers2airport.be\/wp-content\/uploads\/2025\/04\/pexels-bent-vermeiren-734722304-29654958-683x1024.jpg 683w, https:\/\/transfers2airport.be\/wp-content\/uploads\/2025\/04\/pexels-bent-vermeiren-734722304-29654958-768x1152.jpg 768w, https:\/\/transfers2airport.be\/wp-content\/uploads\/2025\/04\/pexels-bent-vermeiren-734722304-29654958-1024x1536.jpg 1024w, https:\/\/transfers2airport.be\/wp-content\/uploads\/2025\/04\/pexels-bent-vermeiren-734722304-29654958-1365x2048.jpg 1365w, https:\/\/transfers2airport.be\/wp-content\/uploads\/2025\/04\/pexels-bent-vermeiren-734722304-29654958-8x12.jpg 8w, https:\/\/transfers2airport.be\/wp-content\/uploads\/2025\/04\/pexels-bent-vermeiren-734722304-29654958-scaled.jpg 1707w\" sizes=\"(max-width: 200px) 100vw, 200px\" \/>\t\t\t\t\t\t\t\t\t\t\t\t\t\t\t<\/div>\n\t\t\t\t<\/div>\n\t\t\t\t\t<\/div>\n\t\t<\/main>\n\t\t\t\t\t<\/div>\n\t\t<\/main>\n\t\t\t\t<section class=\"elementor-section elementor-top-section elementor-element elementor-element-a575103 elementor-section-boxed elementor-section-height-default elementor-section-height-default\" data-id=\"a575103\" data-element_type=\"section\" data-e-type=\"section\">\n\t\t\t\t\t\t<div class=\"elementor-container elementor-column-gap-default\">\n\t\t\t\t\t<main class=\"elementor-column elementor-col-50 elementor-top-column elementor-element elementor-element-f44eed3\" data-id=\"f44eed3\" data-element_type=\"column\" data-e-type=\"column\">\n\t\t\t<div class=\"elementor-widget-wrap elementor-element-populated\">\n\t\t\t\t\t\t<div class=\"elementor-element elementor-element-b20081f elementor-widget elementor-widget-heading\" data-id=\"b20081f\" data-element_type=\"widget\" data-e-type=\"widget\" data-widget_type=\"heading.default\">\n\t\t\t\t<div class=\"elementor-widget-container\">\n\t\t\t\t\t<h3 class=\"elementor-heading-title elementor-size-default\">Option 2 : Bus de l\u2019a\u00e9roport de Bruxelles \u00e0 Bruges<\/h3>\t\t\t\t<\/div>\n\t\t\t\t<\/div>\n\t\t\t\t<div class=\"elementor-element elementor-element-323fc6a elementor-widget__width-inherit elementor-widget elementor-widget-text-editor\" data-id=\"323fc6a\" data-element_type=\"widget\" data-e-type=\"widget\" data-widget_type=\"text-editor.default\">\n\t\t\t\t<div class=\"elementor-widget-container\">\n\t\t\t\t\t\t\t\t\t<ul style=\"text-align: left;\"><li>Temps: 2 \u00e0 2,5 heures<\/li><li>Co\u00fbt: Environ 15\u20ac\u201325\u20ac<\/li><li>D\u00e9tails:<br \/>Certaines compagnies proposent des bus directs vers Bruges depuis l\u2019a\u00e9roport, mais les horaires sont limit\u00e9s et pas toujours pratiques.<\/li><li>Avantages : Bon march\u00e9.<\/li><li>Inconv\u00e9nients:<\/li><\/ul><ol><li style=\"list-style-type: none;\"><ul><li>Temps de voyage plus long.<\/li><li>Moins confortable.<\/li><li>Horaires de d\u00e9part fixes \u2014 vous devrez peut-\u00eatre attendre.<\/li><\/ul><\/li><\/ol>\t\t\t\t\t\t\t\t<\/div>\n\t\t\t\t<\/div>\n\t\t\t\t\t<\/div>\n\t\t<\/main>\n\t\t\t\t<main class=\"elementor-column elementor-col-50 elementor-top-column elementor-element elementor-element-d5286e8\" data-id=\"d5286e8\" data-element_type=\"column\" data-e-type=\"column\" data-settings=\"{&quot;background_background&quot;:&quot;classic&quot;}\">\n\t\t\t<div class=\"elementor-widget-wrap elementor-element-populated\">\n\t\t\t\t\t\t<div class=\"elementor-element elementor-element-c3de46a elementor-widget elementor-widget-image\" data-id=\"c3de46a\" data-element_type=\"widget\" data-e-type=\"widget\" data-widget_type=\"image.default\">\n\t\t\t\t<div class=\"elementor-widget-container\">\n\t\t\t\t\t\t\t\t\t\t\t\t\t\t\t<img decoding=\"async\" width=\"206\" height=\"300\" src=\"https:\/\/transfers2airport.be\/wp-content\/uploads\/2025\/04\/pexels-dariuskrs-2867995-206x300.jpg\" class=\"attachment-medium size-medium wp-image-4538\" alt=\"Popular Routes from Charleroi Airport\" srcset=\"https:\/\/transfers2airport.be\/wp-content\/uploads\/2025\/04\/pexels-dariuskrs-2867995-206x300.jpg 206w, https:\/\/transfers2airport.be\/wp-content\/uploads\/2025\/04\/pexels-dariuskrs-2867995-704x1024.jpg 704w, https:\/\/transfers2airport.be\/wp-content\/uploads\/2025\/04\/pexels-dariuskrs-2867995-768x1117.jpg 768w, https:\/\/transfers2airport.be\/wp-content\/uploads\/2025\/04\/pexels-dariuskrs-2867995-1056x1536.jpg 1056w, https:\/\/transfers2airport.be\/wp-content\/uploads\/2025\/04\/pexels-dariuskrs-2867995-1409x2048.jpg 1409w, https:\/\/transfers2airport.be\/wp-content\/uploads\/2025\/04\/pexels-dariuskrs-2867995-8x12.jpg 8w, https:\/\/transfers2airport.be\/wp-content\/uploads\/2025\/04\/pexels-dariuskrs-2867995-scaled.jpg 1761w\" sizes=\"(max-width: 206px) 100vw, 206px\" \/>\t\t\t\t\t\t\t\t\t\t\t\t\t\t\t<\/div>\n\t\t\t\t<\/div>\n\t\t\t\t\t<\/div>\n\t\t<\/main>\n\t\t\t\t\t<\/div>\n\t\t<\/section>\n\t\t\t\t<section class=\"elementor-section elementor-top-section elementor-element elementor-element-24f537b elementor-section-boxed elementor-section-height-default elementor-section-height-default\" data-id=\"24f537b\" data-element_type=\"section\" data-e-type=\"section\">\n\t\t\t\t\t\t<div class=\"elementor-container elementor-column-gap-no\">\n\t\t\t\t\t<main class=\"elementor-column elementor-col-50 elementor-top-column elementor-element elementor-element-8f2cf37 elementor-hidden-mobile\" data-id=\"8f2cf37\" data-element_type=\"column\" data-e-type=\"column\" data-settings=\"{&quot;background_background&quot;:&quot;classic&quot;}\">\n\t\t\t<div class=\"elementor-widget-wrap elementor-element-populated\">\n\t\t\t\t\t\t<div class=\"elementor-element elementor-element-8c50f44 elementor-hidden-mobile elementor-widget elementor-widget-image\" data-id=\"8c50f44\" data-element_type=\"widget\" data-e-type=\"widget\" data-widget_type=\"image.default\">\n\t\t\t\t<div class=\"elementor-widget-container\">\n\t\t\t\t\t\t\t\t\t\t\t\t\t\t\t<img loading=\"lazy\" decoding=\"async\" width=\"300\" height=\"200\" src=\"https:\/\/transfers2airport.be\/wp-content\/uploads\/2024\/01\/shutterstock_2357547561-1-300x200.jpg\" class=\"attachment-medium size-medium wp-image-3504\" alt=\"Business travelers waiting for private taxi or shuttle at the airport\" srcset=\"https:\/\/transfers2airport.be\/wp-content\/uploads\/2024\/01\/shutterstock_2357547561-1-300x200.jpg 300w, https:\/\/transfers2airport.be\/wp-content\/uploads\/2024\/01\/shutterstock_2357547561-1-1024x683.jpg 1024w, https:\/\/transfers2airport.be\/wp-content\/uploads\/2024\/01\/shutterstock_2357547561-1-768x512.jpg 768w, https:\/\/transfers2airport.be\/wp-content\/uploads\/2024\/01\/shutterstock_2357547561-1-1536x1025.jpg 1536w, https:\/\/transfers2airport.be\/wp-content\/uploads\/2024\/01\/shutterstock_2357547561-1-2048x1366.jpg 2048w, https:\/\/transfers2airport.be\/wp-content\/uploads\/2024\/01\/shutterstock_2357547561-1-18x12.jpg 18w\" sizes=\"(max-width: 300px) 100vw, 300px\" \/>\t\t\t\t\t\t\t\t\t\t\t\t\t\t\t<\/div>\n\t\t\t\t<\/div>\n\t\t\t\t\t<\/div>\n\t\t<\/main>\n\t\t\t\t<main class=\"elementor-column elementor-col-50 elementor-top-column elementor-element elementor-element-0eb02c1\" data-id=\"0eb02c1\" data-element_type=\"column\" data-e-type=\"column\">\n\t\t\t<div class=\"elementor-widget-wrap elementor-element-populated\">\n\t\t\t\t\t\t<div class=\"elementor-element elementor-element-c6db1a8 elementor-widget elementor-widget-heading\" data-id=\"c6db1a8\" data-element_type=\"widget\" data-e-type=\"widget\" data-widget_type=\"heading.default\">\n\t\t\t\t<div class=\"elementor-widget-container\">\n\t\t\t\t\t<h4 class=\"elementor-heading-title elementor-size-default\">Option 3: Transfert priv\u00e9 depuis l\u2019a\u00e9roport\n(Option id\u00e9ale)<\/h4>\t\t\t\t<\/div>\n\t\t\t\t<\/div>\n\t\t\t\t<div class=\"elementor-element elementor-element-5948fd2 elementor-widget__width-inherit elementor-widget elementor-widget-text-editor\" data-id=\"5948fd2\" data-element_type=\"widget\" data-e-type=\"widget\" data-widget_type=\"text-editor.default\">\n\t\t\t\t<div class=\"elementor-widget-container\">\n\t\t\t\t\t\t\t\t\t<ul style=\"text-align: left;\"><li>Temps: Environ 75 minutes<\/li><li>Co\u00fbt: Prix fixe (environ 165 \u20ac\u2013201 \u20ac selon le service et le type de v\u00e9hicule)<\/li><li>D\u00e9tails:<br \/>R\u00e9server un transfert priv\u00e9 est le moyen le plus confortable, direct et sans stress de voyager de l\u2019a\u00e9roport de Bruxelles \u00e0 Bruges.<br \/>Your driver will meet you at the arrivals hall, help with your luggage, and drive you door-to-door to your hotel, Airbnb, or destination.<\/li><li>Avantages:<\/li><li>Voyage direct \u2014 pas d'arr\u00eats ni d'attente.<\/li><li>Service personnalis\u00e9 (accueil \u00e0 l\u2019arriv\u00e9e).<\/li><li>Tarif fixe \u2014 pas de surprises.<\/li><li>Id\u00e9al pour les familles, les groupes, les voyageurs d'affaires.<\/li><li>Inconv\u00e9nients: Prix l\u00e9g\u00e8rement plus \u00e9lev\u00e9 par rapport aux transports publics, mais cela en vaut la peine pour la commodit\u00e9.<\/li><\/ul>\t\t\t\t\t\t\t\t<\/div>\n\t\t\t\t<\/div>\n\t\t\t\t<div class=\"elementor-element elementor-element-af05eb5 elementor-hidden-desktop elementor-hidden-tablet elementor-widget elementor-widget-image\" data-id=\"af05eb5\" data-element_type=\"widget\" data-e-type=\"widget\" data-widget_type=\"image.default\">\n\t\t\t\t<div class=\"elementor-widget-container\">\n\t\t\t\t\t\t\t\t\t\t\t\t\t\t\t<img loading=\"lazy\" decoding=\"async\" width=\"300\" height=\"200\" src=\"https:\/\/transfers2airport.be\/wp-content\/uploads\/2024\/01\/shutterstock_2357547561-1-300x200.jpg\" class=\"attachment-medium size-medium wp-image-3504\" alt=\"Business travelers waiting for private taxi or shuttle at the airport\" srcset=\"https:\/\/transfers2airport.be\/wp-content\/uploads\/2024\/01\/shutterstock_2357547561-1-300x200.jpg 300w, https:\/\/transfers2airport.be\/wp-content\/uploads\/2024\/01\/shutterstock_2357547561-1-1024x683.jpg 1024w, https:\/\/transfers2airport.be\/wp-content\/uploads\/2024\/01\/shutterstock_2357547561-1-768x512.jpg 768w, https:\/\/transfers2airport.be\/wp-content\/uploads\/2024\/01\/shutterstock_2357547561-1-1536x1025.jpg 1536w, https:\/\/transfers2airport.be\/wp-content\/uploads\/2024\/01\/shutterstock_2357547561-1-2048x1366.jpg 2048w, https:\/\/transfers2airport.be\/wp-content\/uploads\/2024\/01\/shutterstock_2357547561-1-18x12.jpg 18w\" sizes=\"(max-width: 300px) 100vw, 300px\" \/>\t\t\t\t\t\t\t\t\t\t\t\t\t\t\t<\/div>\n\t\t\t\t<\/div>\n\t\t\t\t\t<\/div>\n\t\t<\/main>\n\t\t\t\t\t<\/div>\n\t\t<\/section>\n\t\t\t\t<section class=\"elementor-section elementor-top-section elementor-element elementor-element-cfaf7e9 elementor-section-boxed elementor-section-height-default elementor-section-height-default\" data-id=\"cfaf7e9\" data-element_type=\"section\" data-e-type=\"section\">\n\t\t\t\t\t\t<div class=\"elementor-container elementor-column-gap-default\">\n\t\t\t\t\t<main class=\"elementor-column elementor-col-100 elementor-top-column elementor-element elementor-element-409f813\" data-id=\"409f813\" data-element_type=\"column\" data-e-type=\"column\">\n\t\t\t<div class=\"elementor-widget-wrap elementor-element-populated\">\n\t\t\t\t\t\t<div class=\"elementor-element elementor-element-82dd6e1 elementor-widget elementor-widget-heading\" data-id=\"82dd6e1\" data-element_type=\"widget\" data-e-type=\"widget\" data-widget_type=\"heading.default\">\n\t\t\t\t<div class=\"elementor-widget-container\">\n\t\t\t\t\t<h5 class=\"elementor-heading-title elementor-size-default\">Conclusion: Quelle est la meilleure option ?<\/h5>\t\t\t\t<\/div>\n\t\t\t\t<\/div>\n\t\t\t\t<div class=\"elementor-element elementor-element-dcfdea3 elementor-widget__width-inherit elementor-widget elementor-widget-text-editor\" data-id=\"dcfdea3\" data-element_type=\"widget\" data-e-type=\"widget\" data-widget_type=\"text-editor.default\">\n\t\t\t\t<div class=\"elementor-widget-container\">\n\t\t\t\t\t\t\t\t\t<p style=\"text-align: center;\">Si vous voyagez seul avec un sac \u00e0 dos, le bus navette est un bon choix.<br \/>Mais si vous souhaitez arriver rapidement, en toute s\u00e9curit\u00e9 et confortablement, r\u00e9server un transfert priv\u00e9 est sans aucun doute la meilleure option \u2014 surtout si vous \u00eates fatigu\u00e9 apr\u00e8s un vol!<\/p>\t\t\t\t\t\t\t\t<\/div>\n\t\t\t\t<\/div>\n\t\t\t\t<div class=\"elementor-element elementor-element-704f465 elementor-align-center elementor-mobile-align-center elementor-widget-mobile__width-auto elementor-invisible elementor-widget elementor-widget-button\" data-id=\"704f465\" data-element_type=\"widget\" data-e-type=\"widget\" data-settings=\"{&quot;_animation&quot;:&quot;fadeInDown&quot;}\" data-widget_type=\"button.default\">\n\t\t\t\t<div class=\"elementor-widget-container\">\n\t\t\t\t\t\t\t\t\t<div class=\"elementor-button-wrapper\">\n\t\t\t\t\t<a class=\"elementor-button elementor-button-link elementor-size-sm\" href=\"https:\/\/transfers2airport.be\/fr\/brussels-airport-transfer-to-bruges\/\">\n\t\t\t\t\t\t<span class=\"elementor-button-content-wrapper\">\n\t\t\t\t\t\t\t\t\t<span class=\"elementor-button-text\">R\u00e9servez votre transfert priv\u00e9 de l\u2019a\u00e9roport de Bruxelles \u00e0 Bruges ici<\/span>\n\t\t\t\t\t<\/span>\n\t\t\t\t\t<\/a>\n\t\t\t\t<\/div>\n\t\t\t\t\t\t\t\t<\/div>\n\t\t\t\t<\/div>\n\t\t\t\t\t<\/div>\n\t\t<\/main>\n\t\t\t\t\t<\/div>\n\t\t<\/section>\n\t\t\t\t<\/div>","protected":false},"excerpt":{"rendered":"<p>How to Get from Brussels Airport to Bruges: Best Options Option 1: Train from Brussels Airport to Bruges Time: About 90 minutes Cost: Around \u20ac20\u2013\u20ac30 per person Details:The train station is inside Brussels Airport, just below the arrivals hall.You\u2019ll usually need to transfer once in Brussels city (Brussels-Midi station) to reach Bruges. Pros: Affordable and [&hellip;]<\/p>\n","protected":false},"author":1,"featured_media":0,"parent":0,"menu_order":0,"comment_status":"closed","ping_status":"closed","template":"elementor_header_footer","meta":{"footnotes":""},"class_list":["post-4533","page","type-page","status-publish","hentry"],"aioseo_notices":[],"_links":{"self":[{"href":"https:\/\/transfers2airport.be\/fr\/wp-json\/wp\/v2\/pages\/4533","targetHints":{"allow":["GET"]}}],"collection":[{"href":"https:\/\/transfers2airport.be\/fr\/wp-json\/wp\/v2\/pages"}],"about":[{"href":"https:\/\/transfers2airport.be\/fr\/wp-json\/wp\/v2\/types\/page"}],"author":[{"embeddable":true,"href":"https:\/\/transfers2airport.be\/fr\/wp-json\/wp\/v2\/users\/1"}],"replies":[{"embeddable":true,"href":"https:\/\/transfers2airport.be\/fr\/wp-json\/wp\/v2\/comments?post=4533"}],"version-history":[{"count":9,"href":"https:\/\/transfers2airport.be\/fr\/wp-json\/wp\/v2\/pages\/4533\/revisions"}],"predecessor-version":[{"id":8507,"href":"https:\/\/transfers2airport.be\/fr\/wp-json\/wp\/v2\/pages\/4533\/revisions\/8507"}],"wp:attachment":[{"href":"https:\/\/transfers2airport.be\/fr\/wp-json\/wp\/v2\/media?parent=4533"}],"curies":[{"name":"wp","href":"https:\/\/api.w.org\/{rel}","templated":true}]}}