{"id":4701,"date":"2025-04-27T00:17:04","date_gmt":"2025-04-26T23:17:04","guid":{"rendered":"https:\/\/transfers2airport.be\/?page_id=4701"},"modified":"2026-03-07T00:54:03","modified_gmt":"2026-03-06T23:54:03","slug":"easy-airport-transfers-from-charleroi-to-brussels-city-center","status":"publish","type":"page","link":"https:\/\/transfers2airport.be\/fr\/easy-airport-transfers-from-charleroi-to-brussels-city-center\/","title":{"rendered":"Transferts a\u00e9roport faciles de Charleroi vers le centre-ville de Bruxelles"},"content":{"rendered":"<div data-elementor-type=\"wp-page\" data-elementor-id=\"4701\" class=\"elementor elementor-4701\">\n\t\t\t\t\t\t<section class=\"elementor-section elementor-top-section elementor-element elementor-element-5a13680a elementor-section-boxed elementor-section-height-default elementor-section-height-default\" data-id=\"5a13680a\" data-element_type=\"section\" data-e-type=\"section\" id=\"top\">\n\t\t\t\t\t\t<div class=\"elementor-container elementor-column-gap-no\">\n\t\t\t\t\t<header class=\"elementor-column elementor-col-50 elementor-top-column elementor-element elementor-element-454d987c\" data-id=\"454d987c\" data-element_type=\"column\" data-e-type=\"column\">\n\t\t\t<div class=\"elementor-widget-wrap elementor-element-populated\">\n\t\t\t\t\t\t<div class=\"elementor-element elementor-element-29ffa879 elementor-widget elementor-widget-heading\" data-id=\"29ffa879\" data-element_type=\"widget\" data-e-type=\"widget\" data-widget_type=\"heading.default\">\n\t\t\t\t<div class=\"elementor-widget-container\">\n\t\t\t\t\t<h1 class=\"elementor-heading-title elementor-size-default\">Transferts a\u00e9roport faciles de Charleroi vers le centre-ville de Bruxelles<\/h1>\t\t\t\t<\/div>\n\t\t\t\t<\/div>\n\t\t\t\t<div class=\"elementor-element elementor-element-2d56a359 elementor-widget-divider--view-line elementor-widget elementor-widget-divider\" data-id=\"2d56a359\" data-element_type=\"widget\" data-e-type=\"widget\" data-widget_type=\"divider.default\">\n\t\t\t\t<div class=\"elementor-widget-container\">\n\t\t\t\t\t\t\t<div class=\"elementor-divider\">\n\t\t\t<span class=\"elementor-divider-separator\">\n\t\t\t\t\t\t<\/span>\n\t\t<\/div>\n\t\t\t\t\t\t<\/div>\n\t\t\t\t<\/div>\n\t\t\t\t\t<\/div>\n\t\t<\/header>\n\t\t\t\t<div class=\"elementor-column elementor-col-50 elementor-top-column elementor-element elementor-element-7cd34113\" data-id=\"7cd34113\" data-element_type=\"column\" data-e-type=\"column\">\n\t\t\t<div class=\"elementor-widget-wrap elementor-element-populated\">\n\t\t\t\t\t\t<div class=\"elementor-element elementor-element-40b3124b elementor-widget elementor-widget-image\" data-id=\"40b3124b\" data-element_type=\"widget\" data-e-type=\"widget\" data-widget_type=\"image.default\">\n\t\t\t\t<div class=\"elementor-widget-container\">\n\t\t\t\t\t\t\t\t\t\t\t\t\t\t\t<img fetchpriority=\"high\" decoding=\"async\" width=\"300\" height=\"225\" src=\"https:\/\/transfers2airport.be\/wp-content\/uploads\/2025\/04\/Aeroport_de_Charleroi_Bruxelles_Sud-300x225.jpg\" class=\"attachment-medium size-medium wp-image-4586\" alt=\"\" srcset=\"https:\/\/transfers2airport.be\/wp-content\/uploads\/2025\/04\/Aeroport_de_Charleroi_Bruxelles_Sud-300x225.jpg 300w, https:\/\/transfers2airport.be\/wp-content\/uploads\/2025\/04\/Aeroport_de_Charleroi_Bruxelles_Sud-1024x768.jpg 1024w, https:\/\/transfers2airport.be\/wp-content\/uploads\/2025\/04\/Aeroport_de_Charleroi_Bruxelles_Sud-768x576.jpg 768w, https:\/\/transfers2airport.be\/wp-content\/uploads\/2025\/04\/Aeroport_de_Charleroi_Bruxelles_Sud-1536x1152.jpg 1536w, https:\/\/transfers2airport.be\/wp-content\/uploads\/2025\/04\/Aeroport_de_Charleroi_Bruxelles_Sud-2048x1536.jpg 2048w, https:\/\/transfers2airport.be\/wp-content\/uploads\/2025\/04\/Aeroport_de_Charleroi_Bruxelles_Sud-16x12.jpg 16w\" sizes=\"(max-width: 300px) 100vw, 300px\" \/>\t\t\t\t\t\t\t\t\t\t\t\t\t\t\t<\/div>\n\t\t\t\t<\/div>\n\t\t\t\t\t<\/div>\n\t\t<\/div>\n\t\t\t\t\t<\/div>\n\t\t<\/section>\n\t\t\t\t<main class=\"elementor-section elementor-top-section elementor-element elementor-element-11f7d967 elementor-section-content-middle elementor-section-boxed elementor-section-height-default elementor-section-height-default\" data-id=\"11f7d967\" data-element_type=\"section\" data-e-type=\"section\">\n\t\t\t\t\t\t<div class=\"elementor-container elementor-column-gap-no\">\n\t\t\t\t\t<main class=\"elementor-column elementor-col-50 elementor-top-column elementor-element elementor-element-4063f691 elementor-hidden-mobile\" data-id=\"4063f691\" data-element_type=\"column\" data-e-type=\"column\" data-settings=\"{&quot;background_background&quot;:&quot;classic&quot;}\">\n\t\t\t<div class=\"elementor-widget-wrap elementor-element-populated\">\n\t\t\t\t\t\t<div class=\"elementor-element elementor-element-4b9f1cda elementor-hidden-mobile elementor-widget elementor-widget-image\" data-id=\"4b9f1cda\" data-element_type=\"widget\" data-e-type=\"widget\" data-widget_type=\"image.default\">\n\t\t\t\t<div class=\"elementor-widget-container\">\n\t\t\t\t\t\t\t\t\t\t\t\t\t\t\t<img decoding=\"async\" width=\"200\" height=\"300\" src=\"https:\/\/transfers2airport.be\/wp-content\/uploads\/2025\/04\/pexels-bent-vermeiren-734722304-29654958-200x300.jpg\" class=\"attachment-medium size-medium wp-image-4539\" alt=\"\" srcset=\"https:\/\/transfers2airport.be\/wp-content\/uploads\/2025\/04\/pexels-bent-vermeiren-734722304-29654958-200x300.jpg 200w, https:\/\/transfers2airport.be\/wp-content\/uploads\/2025\/04\/pexels-bent-vermeiren-734722304-29654958-683x1024.jpg 683w, https:\/\/transfers2airport.be\/wp-content\/uploads\/2025\/04\/pexels-bent-vermeiren-734722304-29654958-768x1152.jpg 768w, https:\/\/transfers2airport.be\/wp-content\/uploads\/2025\/04\/pexels-bent-vermeiren-734722304-29654958-1024x1536.jpg 1024w, https:\/\/transfers2airport.be\/wp-content\/uploads\/2025\/04\/pexels-bent-vermeiren-734722304-29654958-1365x2048.jpg 1365w, https:\/\/transfers2airport.be\/wp-content\/uploads\/2025\/04\/pexels-bent-vermeiren-734722304-29654958-8x12.jpg 8w, https:\/\/transfers2airport.be\/wp-content\/uploads\/2025\/04\/pexels-bent-vermeiren-734722304-29654958-scaled.jpg 1707w\" sizes=\"(max-width: 200px) 100vw, 200px\" \/>\t\t\t\t\t\t\t\t\t\t\t\t\t\t\t<\/div>\n\t\t\t\t<\/div>\n\t\t\t\t\t<\/div>\n\t\t<\/main>\n\t\t\t\t<main class=\"elementor-column elementor-col-50 elementor-top-column elementor-element elementor-element-29f0b597\" data-id=\"29f0b597\" data-element_type=\"column\" data-e-type=\"column\">\n\t\t\t<div class=\"elementor-widget-wrap elementor-element-populated\">\n\t\t\t\t\t\t<div class=\"elementor-element elementor-element-43e8fb7 elementor-widget elementor-widget-heading\" data-id=\"43e8fb7\" data-element_type=\"widget\" data-e-type=\"widget\" data-widget_type=\"heading.default\">\n\t\t\t\t<div class=\"elementor-widget-container\">\n\t\t\t\t\t<h2 class=\"elementor-heading-title elementor-size-default\">Option 1 : Train de Charleroi \u00e0 Bruxelles<\/h2>\t\t\t\t<\/div>\n\t\t\t\t<\/div>\n\t\t\t\t<div class=\"elementor-element elementor-element-2866cb84 elementor-widget__width-inherit elementor-widget elementor-widget-text-editor\" data-id=\"2866cb84\" data-element_type=\"widget\" data-e-type=\"widget\" data-widget_type=\"text-editor.default\">\n\t\t\t\t<div class=\"elementor-widget-container\">\n\t\t\t\t\t\t\t\t\t<ul><li style=\"text-align: left;\">Temps : 1 heure \u00e0 1 heure 15 minutes<\/li><li style=\"text-align: left;\">Co\u00fbt : Environ 15 \u20ac\u201320 \u20ac<\/li><li style=\"text-align: left;\">D\u00e9tails:<br \/>Tout d'abord, prenez un court trajet en bus depuis l'a\u00e9roport jusqu'\u00e0 la gare de Charleroi-Sud (environ 20 minutes).<br \/>Then, take a train to Brussels Central or Brussels Midi.<\/li><li style=\"text-align: left;\">Avantages : Abordable et r\u00e9gulier.<\/li><li>Inconv\u00e9nients:<ul><li style=\"text-align: left;\">Deux \u00e9tapes (bus + train), ce qui peut \u00eatre fatiguant avec des bagages.<\/li><li style=\"text-align: left;\">Retards potentiels en fonction des correspondances.<\/li><\/ul><\/li><\/ul>\t\t\t\t\t\t\t\t<\/div>\n\t\t\t\t<\/div>\n\t\t\t\t<div class=\"elementor-element elementor-element-471014e8 elementor-hidden-desktop elementor-hidden-tablet elementor-widget elementor-widget-image\" data-id=\"471014e8\" data-element_type=\"widget\" data-e-type=\"widget\" data-widget_type=\"image.default\">\n\t\t\t\t<div class=\"elementor-widget-container\">\n\t\t\t\t\t\t\t\t\t\t\t\t\t\t\t<img decoding=\"async\" width=\"200\" height=\"300\" src=\"https:\/\/transfers2airport.be\/wp-content\/uploads\/2025\/04\/pexels-bent-vermeiren-734722304-29654958-200x300.jpg\" class=\"attachment-medium size-medium wp-image-4539\" alt=\"\" srcset=\"https:\/\/transfers2airport.be\/wp-content\/uploads\/2025\/04\/pexels-bent-vermeiren-734722304-29654958-200x300.jpg 200w, https:\/\/transfers2airport.be\/wp-content\/uploads\/2025\/04\/pexels-bent-vermeiren-734722304-29654958-683x1024.jpg 683w, https:\/\/transfers2airport.be\/wp-content\/uploads\/2025\/04\/pexels-bent-vermeiren-734722304-29654958-768x1152.jpg 768w, https:\/\/transfers2airport.be\/wp-content\/uploads\/2025\/04\/pexels-bent-vermeiren-734722304-29654958-1024x1536.jpg 1024w, https:\/\/transfers2airport.be\/wp-content\/uploads\/2025\/04\/pexels-bent-vermeiren-734722304-29654958-1365x2048.jpg 1365w, https:\/\/transfers2airport.be\/wp-content\/uploads\/2025\/04\/pexels-bent-vermeiren-734722304-29654958-8x12.jpg 8w, https:\/\/transfers2airport.be\/wp-content\/uploads\/2025\/04\/pexels-bent-vermeiren-734722304-29654958-scaled.jpg 1707w\" sizes=\"(max-width: 200px) 100vw, 200px\" \/>\t\t\t\t\t\t\t\t\t\t\t\t\t\t\t<\/div>\n\t\t\t\t<\/div>\n\t\t\t\t\t<\/div>\n\t\t<\/main>\n\t\t\t\t\t<\/div>\n\t\t<\/main>\n\t\t\t\t<section class=\"elementor-section elementor-top-section elementor-element elementor-element-77af45e3 elementor-section-boxed elementor-section-height-default elementor-section-height-default\" data-id=\"77af45e3\" data-element_type=\"section\" data-e-type=\"section\">\n\t\t\t\t\t\t<div class=\"elementor-container elementor-column-gap-default\">\n\t\t\t\t\t<main class=\"elementor-column elementor-col-50 elementor-top-column elementor-element elementor-element-41050923\" data-id=\"41050923\" data-element_type=\"column\" data-e-type=\"column\">\n\t\t\t<div class=\"elementor-widget-wrap elementor-element-populated\">\n\t\t\t\t\t\t<div class=\"elementor-element elementor-element-3b6a2fba elementor-widget elementor-widget-heading\" data-id=\"3b6a2fba\" data-element_type=\"widget\" data-e-type=\"widget\" data-widget_type=\"heading.default\">\n\t\t\t\t<div class=\"elementor-widget-container\">\n\t\t\t\t\t<h3 class=\"elementor-heading-title elementor-size-default\">Option 2 : Bus navette de l\u2019a\u00e9roport de Charleroi \u00e0 Bruxelles<\/h3>\t\t\t\t<\/div>\n\t\t\t\t<\/div>\n\t\t\t\t<div class=\"elementor-element elementor-element-5acddb01 elementor-widget__width-inherit elementor-widget elementor-widget-text-editor\" data-id=\"5acddb01\" data-element_type=\"widget\" data-e-type=\"widget\" data-widget_type=\"text-editor.default\">\n\t\t\t\t<div class=\"elementor-widget-container\">\n\t\t\t\t\t\t\t\t\t<ul><li style=\"text-align: left;\">Temps : Environ 1 heure<\/li><li style=\"text-align: left;\">Co\u00fbt : Environ 17 \u20ac l'aller simple<\/li><li style=\"text-align: left;\">D\u00e9tails:<br \/>Les bus navettes partent r\u00e9guli\u00e8rement de l'a\u00e9roport de Charleroi vers la gare de Bruxelles-Midi.<br \/>Vous pouvez acheter vos billets en ligne ou \u00e0 l'a\u00e9roport.<\/li><li style=\"text-align: left;\">Avantages : Abordable, assez fr\u00e9quent.<\/li><li>Inconv\u00e9nients:<ul><li style=\"text-align: left;\">Il vous d\u00e9pose uniquement \u00e0 la gare de Bruxelles-Midi \u2014 vous devrez encore prendre un autre transport (taxi, m\u00e9tro) pour votre h\u00f4tel ou destination.<\/li><li style=\"text-align: left;\">Horaire fixe \u2014 vous devrez peut-\u00eatre attendre le prochain bus.<\/li><\/ul><\/li><\/ul>\t\t\t\t\t\t\t\t<\/div>\n\t\t\t\t<\/div>\n\t\t\t\t\t<\/div>\n\t\t<\/main>\n\t\t\t\t<main class=\"elementor-column elementor-col-50 elementor-top-column elementor-element elementor-element-372de61d\" data-id=\"372de61d\" data-element_type=\"column\" data-e-type=\"column\" data-settings=\"{&quot;background_background&quot;:&quot;classic&quot;}\">\n\t\t\t<div class=\"elementor-widget-wrap elementor-element-populated\">\n\t\t\t\t\t\t<div class=\"elementor-element elementor-element-31055726 elementor-widget elementor-widget-image\" data-id=\"31055726\" data-element_type=\"widget\" data-e-type=\"widget\" data-widget_type=\"image.default\">\n\t\t\t\t<div class=\"elementor-widget-container\">\n\t\t\t\t\t\t\t\t\t\t\t\t\t\t\t<img decoding=\"async\" width=\"206\" height=\"300\" src=\"https:\/\/transfers2airport.be\/wp-content\/uploads\/2025\/04\/pexels-dariuskrs-2867995-206x300.jpg\" class=\"attachment-medium size-medium wp-image-4538\" alt=\"Popular Routes from Charleroi Airport\" srcset=\"https:\/\/transfers2airport.be\/wp-content\/uploads\/2025\/04\/pexels-dariuskrs-2867995-206x300.jpg 206w, https:\/\/transfers2airport.be\/wp-content\/uploads\/2025\/04\/pexels-dariuskrs-2867995-704x1024.jpg 704w, https:\/\/transfers2airport.be\/wp-content\/uploads\/2025\/04\/pexels-dariuskrs-2867995-768x1117.jpg 768w, https:\/\/transfers2airport.be\/wp-content\/uploads\/2025\/04\/pexels-dariuskrs-2867995-1056x1536.jpg 1056w, https:\/\/transfers2airport.be\/wp-content\/uploads\/2025\/04\/pexels-dariuskrs-2867995-1409x2048.jpg 1409w, https:\/\/transfers2airport.be\/wp-content\/uploads\/2025\/04\/pexels-dariuskrs-2867995-8x12.jpg 8w, https:\/\/transfers2airport.be\/wp-content\/uploads\/2025\/04\/pexels-dariuskrs-2867995-scaled.jpg 1761w\" sizes=\"(max-width: 206px) 100vw, 206px\" \/>\t\t\t\t\t\t\t\t\t\t\t\t\t\t\t<\/div>\n\t\t\t\t<\/div>\n\t\t\t\t\t<\/div>\n\t\t<\/main>\n\t\t\t\t\t<\/div>\n\t\t<\/section>\n\t\t\t\t<section class=\"elementor-section elementor-top-section elementor-element elementor-element-58d085ee elementor-section-boxed elementor-section-height-default elementor-section-height-default\" data-id=\"58d085ee\" data-element_type=\"section\" data-e-type=\"section\">\n\t\t\t\t\t\t<div class=\"elementor-container elementor-column-gap-no\">\n\t\t\t\t\t<main class=\"elementor-column elementor-col-50 elementor-top-column elementor-element elementor-element-1deb19b2 elementor-hidden-mobile\" data-id=\"1deb19b2\" data-element_type=\"column\" data-e-type=\"column\" data-settings=\"{&quot;background_background&quot;:&quot;classic&quot;}\">\n\t\t\t<div class=\"elementor-widget-wrap elementor-element-populated\">\n\t\t\t\t\t\t<div class=\"elementor-element elementor-element-453d2343 elementor-hidden-mobile elementor-widget elementor-widget-image\" data-id=\"453d2343\" data-element_type=\"widget\" data-e-type=\"widget\" data-widget_type=\"image.default\">\n\t\t\t\t<div class=\"elementor-widget-container\">\n\t\t\t\t\t\t\t\t\t\t\t\t\t\t\t<img loading=\"lazy\" decoding=\"async\" width=\"300\" height=\"200\" src=\"https:\/\/transfers2airport.be\/wp-content\/uploads\/2024\/01\/shutterstock_2357547561-1-300x200.jpg\" class=\"attachment-medium size-medium wp-image-3504\" alt=\"Business travelers waiting for private taxi or shuttle at the airport\" srcset=\"https:\/\/transfers2airport.be\/wp-content\/uploads\/2024\/01\/shutterstock_2357547561-1-300x200.jpg 300w, https:\/\/transfers2airport.be\/wp-content\/uploads\/2024\/01\/shutterstock_2357547561-1-1024x683.jpg 1024w, https:\/\/transfers2airport.be\/wp-content\/uploads\/2024\/01\/shutterstock_2357547561-1-768x512.jpg 768w, https:\/\/transfers2airport.be\/wp-content\/uploads\/2024\/01\/shutterstock_2357547561-1-1536x1025.jpg 1536w, https:\/\/transfers2airport.be\/wp-content\/uploads\/2024\/01\/shutterstock_2357547561-1-2048x1366.jpg 2048w, https:\/\/transfers2airport.be\/wp-content\/uploads\/2024\/01\/shutterstock_2357547561-1-18x12.jpg 18w\" sizes=\"(max-width: 300px) 100vw, 300px\" \/>\t\t\t\t\t\t\t\t\t\t\t\t\t\t\t<\/div>\n\t\t\t\t<\/div>\n\t\t\t\t\t<\/div>\n\t\t<\/main>\n\t\t\t\t<main class=\"elementor-column elementor-col-50 elementor-top-column elementor-element elementor-element-664a00d0\" data-id=\"664a00d0\" data-element_type=\"column\" data-e-type=\"column\">\n\t\t\t<div class=\"elementor-widget-wrap elementor-element-populated\">\n\t\t\t\t\t\t<div class=\"elementor-element elementor-element-293805d9 elementor-widget elementor-widget-heading\" data-id=\"293805d9\" data-element_type=\"widget\" data-e-type=\"widget\" data-widget_type=\"heading.default\">\n\t\t\t\t<div class=\"elementor-widget-container\">\n\t\t\t\t\t<h4 class=\"elementor-heading-title elementor-size-default\">Option 3: Transfert priv\u00e9 depuis l\u2019a\u00e9roport\n(Option id\u00e9ale)<\/h4>\t\t\t\t<\/div>\n\t\t\t\t<\/div>\n\t\t\t\t<div class=\"elementor-element elementor-element-195edf9 elementor-widget__width-inherit elementor-widget elementor-widget-text-editor\" data-id=\"195edf9\" data-element_type=\"widget\" data-e-type=\"widget\" data-widget_type=\"text-editor.default\">\n\t\t\t\t<div class=\"elementor-widget-container\">\n\t\t\t\t\t\t\t\t\t<ul><li style=\"text-align: left;\">Temps : Environ 50 minutes porte-\u00e0-porte<\/li><li style=\"text-align: left;\">Co\u00fbt : Prix fixe (environ 99 \u20ac\u2013140 \u20ac selon le service et le type de v\u00e9hicule)<\/li><li style=\"text-align: left;\">D\u00e9tails:<br \/>Un transfert priv\u00e9 vous emm\u00e8ne directement de l'a\u00e9roport de Charleroi \u00e0 votre h\u00f4tel, Airbnb ou adresse professionnelle \u00e0 Bruxelles \u2014 sans arr\u00eats, sans attente.<\/li><li style=\"text-align: left;\">Avantages:<\/li><li style=\"text-align: left;\">Service porte-\u00e0-porte.<\/li><li style=\"text-align: left;\">Tarif fixe \u2014 pas de frais cach\u00e9s.<\/li><li style=\"text-align: left;\">Chauffeur professionnel vous accueille \u00e0 l\u2019a\u00e9roport avec une pancarte \u00e0 votre nom.<\/li><li style=\"text-align: left;\">Id\u00e9al pour les familles, les voyageurs d'affaires, les groupes ou les voyageurs avec beaucoup de bagages.<\/li><li style=\"text-align: left;\">Inconv\u00e9nients : prix l\u00e9g\u00e8rement plus \u00e9lev\u00e9, mais largement compens\u00e9 par la rapidit\u00e9 et la commodit\u00e9.<\/li><\/ul>\t\t\t\t\t\t\t\t<\/div>\n\t\t\t\t<\/div>\n\t\t\t\t<div class=\"elementor-element elementor-element-55c0856a elementor-hidden-desktop elementor-hidden-tablet elementor-widget elementor-widget-image\" data-id=\"55c0856a\" data-element_type=\"widget\" data-e-type=\"widget\" data-widget_type=\"image.default\">\n\t\t\t\t<div class=\"elementor-widget-container\">\n\t\t\t\t\t\t\t\t\t\t\t\t\t\t\t<img loading=\"lazy\" decoding=\"async\" width=\"300\" height=\"200\" src=\"https:\/\/transfers2airport.be\/wp-content\/uploads\/2024\/01\/shutterstock_2357547561-1-300x200.jpg\" class=\"attachment-medium size-medium wp-image-3504\" alt=\"Business travelers waiting for private taxi or shuttle at the airport\" srcset=\"https:\/\/transfers2airport.be\/wp-content\/uploads\/2024\/01\/shutterstock_2357547561-1-300x200.jpg 300w, https:\/\/transfers2airport.be\/wp-content\/uploads\/2024\/01\/shutterstock_2357547561-1-1024x683.jpg 1024w, https:\/\/transfers2airport.be\/wp-content\/uploads\/2024\/01\/shutterstock_2357547561-1-768x512.jpg 768w, https:\/\/transfers2airport.be\/wp-content\/uploads\/2024\/01\/shutterstock_2357547561-1-1536x1025.jpg 1536w, https:\/\/transfers2airport.be\/wp-content\/uploads\/2024\/01\/shutterstock_2357547561-1-2048x1366.jpg 2048w, https:\/\/transfers2airport.be\/wp-content\/uploads\/2024\/01\/shutterstock_2357547561-1-18x12.jpg 18w\" sizes=\"(max-width: 300px) 100vw, 300px\" \/>\t\t\t\t\t\t\t\t\t\t\t\t\t\t\t<\/div>\n\t\t\t\t<\/div>\n\t\t\t\t\t<\/div>\n\t\t<\/main>\n\t\t\t\t\t<\/div>\n\t\t<\/section>\n\t\t\t\t<section class=\"elementor-section elementor-top-section elementor-element elementor-element-2b993931 elementor-section-boxed elementor-section-height-default elementor-section-height-default\" data-id=\"2b993931\" data-element_type=\"section\" data-e-type=\"section\">\n\t\t\t\t\t\t<div class=\"elementor-container elementor-column-gap-default\">\n\t\t\t\t\t<main class=\"elementor-column elementor-col-100 elementor-top-column elementor-element elementor-element-4b742ac0\" data-id=\"4b742ac0\" data-element_type=\"column\" data-e-type=\"column\">\n\t\t\t<div class=\"elementor-widget-wrap elementor-element-populated\">\n\t\t\t\t\t\t<div class=\"elementor-element elementor-element-60bc0643 elementor-widget elementor-widget-heading\" data-id=\"60bc0643\" data-element_type=\"widget\" data-e-type=\"widget\" data-widget_type=\"heading.default\">\n\t\t\t\t<div class=\"elementor-widget-container\">\n\t\t\t\t\t<h5 class=\"elementor-heading-title elementor-size-default\">Conclusion: Quelle est la meilleure option ?<\/h5>\t\t\t\t<\/div>\n\t\t\t\t<\/div>\n\t\t\t\t<div class=\"elementor-element elementor-element-6f5ed6de elementor-widget__width-inherit elementor-widget elementor-widget-text-editor\" data-id=\"6f5ed6de\" data-element_type=\"widget\" data-e-type=\"widget\" data-widget_type=\"text-editor.default\">\n\t\t\t\t<div class=\"elementor-widget-container\">\n\t\t\t\t\t\t\t\t\t<p style=\"text-align: center;\">Si vous voyagez seul avec un sac \u00e0 dos, le bus navette est un bon choix.<br \/>Mais si vous souhaitez arriver rapidement, en toute s\u00e9curit\u00e9 et confortablement, r\u00e9server un transfert priv\u00e9 est sans aucun doute la meilleure option \u2014 surtout si vous \u00eates fatigu\u00e9 apr\u00e8s un vol!<\/p>\t\t\t\t\t\t\t\t<\/div>\n\t\t\t\t<\/div>\n\t\t\t\t<div class=\"elementor-element elementor-element-2ba09ec5 elementor-align-center elementor-mobile-align-center elementor-widget-mobile__width-auto elementor-invisible elementor-widget elementor-widget-button\" data-id=\"2ba09ec5\" data-element_type=\"widget\" data-e-type=\"widget\" data-settings=\"{&quot;_animation&quot;:&quot;fadeInDown&quot;}\" data-widget_type=\"button.default\">\n\t\t\t\t<div class=\"elementor-widget-container\">\n\t\t\t\t\t\t\t\t\t<div class=\"elementor-button-wrapper\">\n\t\t\t\t\t<a class=\"elementor-button elementor-button-link elementor-size-sm\" href=\"https:\/\/transfers2airport.be\/fr\/charleroi-airport-transfer-to-brussels\/\">\n\t\t\t\t\t\t<span class=\"elementor-button-content-wrapper\">\n\t\t\t\t\t\t\t\t\t<span class=\"elementor-button-text\">R\u00e9servez votre transfert priv\u00e9 de l\u2019a\u00e9roport de Charleroi vers Bruxelles ici.<\/span>\n\t\t\t\t\t<\/span>\n\t\t\t\t\t<\/a>\n\t\t\t\t<\/div>\n\t\t\t\t\t\t\t\t<\/div>\n\t\t\t\t<\/div>\n\t\t\t\t\t<\/div>\n\t\t<\/main>\n\t\t\t\t\t<\/div>\n\t\t<\/section>\n\t\t\t\t<\/div>","protected":false},"excerpt":{"rendered":"<p>Easy Airport Transfers from Charleroi to Brussels City Center Option 1: Train from Charleroi to Brussels Time: 1 hour to 1 hour 15 minutes Cost: Around \u20ac15\u2013\u20ac20 Details:First, take a short bus ride from the airport to Charleroi-Sud train station (about 20 minutes).Then, take a train to Brussels Central or Brussels Midi. Pros: Affordable and [&hellip;]<\/p>\n","protected":false},"author":1,"featured_media":0,"parent":0,"menu_order":0,"comment_status":"closed","ping_status":"closed","template":"elementor_header_footer","meta":{"footnotes":""},"class_list":["post-4701","page","type-page","status-publish","hentry"],"aioseo_notices":[],"_links":{"self":[{"href":"https:\/\/transfers2airport.be\/fr\/wp-json\/wp\/v2\/pages\/4701","targetHints":{"allow":["GET"]}}],"collection":[{"href":"https:\/\/transfers2airport.be\/fr\/wp-json\/wp\/v2\/pages"}],"about":[{"href":"https:\/\/transfers2airport.be\/fr\/wp-json\/wp\/v2\/types\/page"}],"author":[{"embeddable":true,"href":"https:\/\/transfers2airport.be\/fr\/wp-json\/wp\/v2\/users\/1"}],"replies":[{"embeddable":true,"href":"https:\/\/transfers2airport.be\/fr\/wp-json\/wp\/v2\/comments?post=4701"}],"version-history":[{"count":10,"href":"https:\/\/transfers2airport.be\/fr\/wp-json\/wp\/v2\/pages\/4701\/revisions"}],"predecessor-version":[{"id":8510,"href":"https:\/\/transfers2airport.be\/fr\/wp-json\/wp\/v2\/pages\/4701\/revisions\/8510"}],"wp:attachment":[{"href":"https:\/\/transfers2airport.be\/fr\/wp-json\/wp\/v2\/media?parent=4701"}],"curies":[{"name":"wp","href":"https:\/\/api.w.org\/{rel}","templated":true}]}}