{"id":4773,"date":"2025-04-27T04:24:22","date_gmt":"2025-04-27T03:24:22","guid":{"rendered":"https:\/\/transfers2airport.be\/?page_id=4773"},"modified":"2026-03-07T00:55:01","modified_gmt":"2026-03-06T23:55:01","slug":"private-transfers-from-brussels-airport-bru-everything-you-need-to-know","status":"publish","type":"page","link":"https:\/\/transfers2airport.be\/fr\/private-transfers-from-brussels-airport-bru-everything-you-need-to-know\/","title":{"rendered":"Transferts priv\u00e9s depuis l\u2019a\u00e9roport de Bruxelles (BRU) : Tout ce que vous devez savoir"},"content":{"rendered":"<div data-elementor-type=\"wp-page\" data-elementor-id=\"4773\" class=\"elementor elementor-4773\">\n\t\t\t\t\t\t<section class=\"elementor-section elementor-top-section elementor-element elementor-element-323bc5bf elementor-section-boxed elementor-section-height-default elementor-section-height-default\" data-id=\"323bc5bf\" data-element_type=\"section\" data-e-type=\"section\" id=\"top\">\n\t\t\t\t\t\t<div class=\"elementor-container elementor-column-gap-no\">\n\t\t\t\t\t<header class=\"elementor-column elementor-col-50 elementor-top-column elementor-element elementor-element-ed94d98\" data-id=\"ed94d98\" data-element_type=\"column\" data-e-type=\"column\">\n\t\t\t<div class=\"elementor-widget-wrap elementor-element-populated\">\n\t\t\t\t\t\t<div class=\"elementor-element elementor-element-25fab3a8 elementor-widget elementor-widget-heading\" data-id=\"25fab3a8\" data-element_type=\"widget\" data-e-type=\"widget\" data-widget_type=\"heading.default\">\n\t\t\t\t<div class=\"elementor-widget-container\">\n\t\t\t\t\t<h1 class=\"elementor-heading-title elementor-size-default\">Transferts priv\u00e9s depuis l\u2019a\u00e9roport de Bruxelles (BRU) : Tout ce que vous devez savoir<\/h1>\t\t\t\t<\/div>\n\t\t\t\t<\/div>\n\t\t\t\t<div class=\"elementor-element elementor-element-b6111c8 elementor-widget-divider--view-line elementor-widget elementor-widget-divider\" data-id=\"b6111c8\" data-element_type=\"widget\" data-e-type=\"widget\" data-widget_type=\"divider.default\">\n\t\t\t\t<div class=\"elementor-widget-container\">\n\t\t\t\t\t\t\t<div class=\"elementor-divider\">\n\t\t\t<span class=\"elementor-divider-separator\">\n\t\t\t\t\t\t<\/span>\n\t\t<\/div>\n\t\t\t\t\t\t<\/div>\n\t\t\t\t<\/div>\n\t\t\t\t\t<\/div>\n\t\t<\/header>\n\t\t\t\t<div class=\"elementor-column elementor-col-50 elementor-top-column elementor-element elementor-element-3cb659e9\" data-id=\"3cb659e9\" data-element_type=\"column\" data-e-type=\"column\">\n\t\t\t<div class=\"elementor-widget-wrap elementor-element-populated\">\n\t\t\t\t\t\t<div class=\"elementor-element elementor-element-3d64cf99 elementor-widget elementor-widget-image\" data-id=\"3d64cf99\" data-element_type=\"widget\" data-e-type=\"widget\" data-widget_type=\"image.default\">\n\t\t\t\t<div class=\"elementor-widget-container\">\n\t\t\t\t\t\t\t\t\t\t\t\t\t\t\t<img decoding=\"async\" width=\"300\" height=\"165\" src=\"https:\/\/transfers2airport.be\/wp-content\/uploads\/2025\/04\/Images-articles-2023-10-25T171032.581-300x165.png\" class=\"attachment-medium size-medium wp-image-4776\" alt=\"Interior view of Brussels Airport (BRU) terminal\" srcset=\"https:\/\/transfers2airport.be\/wp-content\/uploads\/2025\/04\/Images-articles-2023-10-25T171032.581-300x165.png 300w, https:\/\/transfers2airport.be\/wp-content\/uploads\/2025\/04\/Images-articles-2023-10-25T171032.581-768x422.png 768w, https:\/\/transfers2airport.be\/wp-content\/uploads\/2025\/04\/Images-articles-2023-10-25T171032.581-18x10.png 18w, https:\/\/transfers2airport.be\/wp-content\/uploads\/2025\/04\/Images-articles-2023-10-25T171032.581.png 1020w\" sizes=\"(max-width: 300px) 100vw, 300px\" \/>\t\t\t\t\t\t\t\t\t\t\t\t\t\t\t<\/div>\n\t\t\t\t<\/div>\n\t\t\t\t\t<\/div>\n\t\t<\/div>\n\t\t\t\t\t<\/div>\n\t\t<\/section>\n\t\t\t\t<section class=\"elementor-section elementor-top-section elementor-element elementor-element-3974643c elementor-section-boxed elementor-section-height-default elementor-section-height-default\" data-id=\"3974643c\" data-element_type=\"section\" data-e-type=\"section\">\n\t\t\t\t\t\t<div class=\"elementor-container elementor-column-gap-default\">\n\t\t\t\t\t<main class=\"elementor-column elementor-col-50 elementor-top-column elementor-element elementor-element-683e698f\" data-id=\"683e698f\" data-element_type=\"column\" data-e-type=\"column\">\n\t\t\t<div class=\"elementor-widget-wrap elementor-element-populated\">\n\t\t\t\t\t\t<div class=\"elementor-element elementor-element-fd553d6 elementor-widget elementor-widget-heading\" data-id=\"fd553d6\" data-element_type=\"widget\" data-e-type=\"widget\" data-widget_type=\"heading.default\">\n\t\t\t\t<div class=\"elementor-widget-container\">\n\t\t\t\t\t<h1 class=\"elementor-heading-title elementor-size-default\">Pourquoi r\u00e9server un transfert priv\u00e9 depuis l\u2019a\u00e9roport de Bruxelles ?<\/h1>\t\t\t\t<\/div>\n\t\t\t\t<\/div>\n\t\t\t\t<div class=\"elementor-element elementor-element-1d840a09 elementor-widget__width-inherit elementor-widget elementor-widget-text-editor\" data-id=\"1d840a09\" data-element_type=\"widget\" data-e-type=\"widget\" data-widget_type=\"text-editor.default\">\n\t\t\t\t<div class=\"elementor-widget-container\">\n\t\t\t\t\t\t\t\t\t<ul><li style=\"text-align: left;\"><strong>Accueil personnalis\u00e9<\/strong> \u2014 Votre chauffeur vous attend \u00e0 l\u2019int\u00e9rieur de l\u2019a\u00e9roport avec une pancarte \u00e0 votre nom.<\/li><li style=\"text-align: left;\"><strong>Suivi de vol<\/strong> \u2014 Vol en retard ? Pas de souci, votre chauffeur adapte l\u2019heure de prise en charge.<\/li><li style=\"text-align: left;\"><strong>Prix fixe<\/strong> \u2014 Aucun frais cach\u00e9, m\u00eame en cas d\u2019embouteillages.<\/li><li style=\"text-align: left;\"><strong>Confort &amp; intimit\u00e9<\/strong> \u2014 Profitez d\u2019un v\u00e9hicule propre, moderne et r\u00e9serv\u00e9 rien que pour vous.<\/li><li style=\"text-align: left;\"><strong>Z\u00e9ro file d\u2019attente<\/strong> \u2014 \u00c9vitez les longues files de taxis ou de bus apr\u00e8s un vol fatigant.<\/li><\/ul>\t\t\t\t\t\t\t\t<\/div>\n\t\t\t\t<\/div>\n\t\t\t\t\t<\/div>\n\t\t<\/main>\n\t\t\t\t<main class=\"elementor-column elementor-col-50 elementor-top-column elementor-element elementor-element-5ddd9e5\" data-id=\"5ddd9e5\" data-element_type=\"column\" data-e-type=\"column\">\n\t\t\t<div class=\"elementor-widget-wrap elementor-element-populated\">\n\t\t\t\t\t\t<div class=\"elementor-element elementor-element-bb3c8d7 elementor-widget elementor-widget-heading\" data-id=\"bb3c8d7\" data-element_type=\"widget\" data-e-type=\"widget\" data-widget_type=\"heading.default\">\n\t\t\t\t<div class=\"elementor-widget-container\">\n\t\t\t\t\t<h2 class=\"elementor-heading-title elementor-size-default\">Comment fonctionnent les transferts priv\u00e9s ?<\/h2>\t\t\t\t<\/div>\n\t\t\t\t<\/div>\n\t\t\t\t<div class=\"elementor-element elementor-element-7d216f3 elementor-widget__width-inherit elementor-widget elementor-widget-text-editor\" data-id=\"7d216f3\" data-element_type=\"widget\" data-e-type=\"widget\" data-widget_type=\"text-editor.default\">\n\t\t\t\t<div class=\"elementor-widget-container\">\n\t\t\t\t\t\t\t\t\t<ul><li style=\"text-align: left;\"><strong>R\u00e9servez en ligne :<\/strong> Indiquez votre destination et les d\u00e9tails de votre vol.<\/li><li style=\"text-align: left;\"><strong>Le chauffeur suit votre vol :<\/strong> M\u00eame en cas de retard, il vous attendra.<\/li><li style=\"text-align: left;\"><strong>Rencontrez votre chauffeur :<\/strong> Rendez-vous dans le hall des arriv\u00e9es, il tient une pancarte \u00e0 votre nom.<\/li><li style=\"text-align: left;\"><strong>Profitez du trajet :<\/strong> Confortablement jusqu\u2019\u00e0 votre h\u00f4tel, domicile ou lieu de rendez-vous.<\/li><\/ul>\t\t\t\t\t\t\t\t<\/div>\n\t\t\t\t<\/div>\n\t\t\t\t\t<\/div>\n\t\t<\/main>\n\t\t\t\t\t<\/div>\n\t\t<\/section>\n\t\t\t\t<section class=\"elementor-section elementor-top-section elementor-element elementor-element-400b4f4 elementor-section-boxed elementor-section-height-default elementor-section-height-default\" data-id=\"400b4f4\" data-element_type=\"section\" data-e-type=\"section\">\n\t\t\t\t\t\t<div class=\"elementor-container elementor-column-gap-default\">\n\t\t\t\t\t<main class=\"elementor-column elementor-col-50 elementor-top-column elementor-element elementor-element-57e2f47\" data-id=\"57e2f47\" data-element_type=\"column\" data-e-type=\"column\">\n\t\t\t<div class=\"elementor-widget-wrap elementor-element-populated\">\n\t\t\t\t\t\t<div class=\"elementor-element elementor-element-d921a39 elementor-widget elementor-widget-heading\" data-id=\"d921a39\" data-element_type=\"widget\" data-e-type=\"widget\" data-widget_type=\"heading.default\">\n\t\t\t\t<div class=\"elementor-widget-container\">\n\t\t\t\t\t<h1 class=\"elementor-heading-title elementor-size-default\">Les transferts priv\u00e9s sont parfaits pour :<\/h1>\t\t\t\t<\/div>\n\t\t\t\t<\/div>\n\t\t\t\t<div class=\"elementor-element elementor-element-f0233af elementor-widget__width-inherit elementor-widget elementor-widget-text-editor\" data-id=\"f0233af\" data-element_type=\"widget\" data-e-type=\"widget\" data-widget_type=\"text-editor.default\">\n\t\t\t\t<div class=\"elementor-widget-container\">\n\t\t\t\t\t\t\t\t\t<ul><li style=\"text-align: left;\">Familles avec enfants (si\u00e8ges auto disponibles !)<\/li><li style=\"text-align: left;\">Voyageurs d\u2019affaires avec un emploi du temps serr\u00e9<\/li><li style=\"text-align: left;\">Touristes avec beaucoup de bagages<\/li><li style=\"text-align: left;\">Groupes ou VIP en qu\u00eate d\u2019intimit\u00e9 et de confort<\/li><\/ul>\t\t\t\t\t\t\t\t<\/div>\n\t\t\t\t<\/div>\n\t\t\t\t\t<\/div>\n\t\t<\/main>\n\t\t\t\t<main class=\"elementor-column elementor-col-50 elementor-top-column elementor-element elementor-element-4ef9a4c\" data-id=\"4ef9a4c\" data-element_type=\"column\" data-e-type=\"column\">\n\t\t\t<div class=\"elementor-widget-wrap elementor-element-populated\">\n\t\t\t\t\t\t<div class=\"elementor-element elementor-element-60dbe5b elementor-widget elementor-widget-heading\" data-id=\"60dbe5b\" data-element_type=\"widget\" data-e-type=\"widget\" data-widget_type=\"heading.default\">\n\t\t\t\t<div class=\"elementor-widget-container\">\n\t\t\t\t\t<h2 class=\"elementor-heading-title elementor-size-default\">Destinations populaires depuis l\u2019a\u00e9roport de Bruxelles :<\/h2>\t\t\t\t<\/div>\n\t\t\t\t<\/div>\n\t\t\t\t<div class=\"elementor-element elementor-element-e4ac399 elementor-widget__width-inherit elementor-widget elementor-widget-text-editor\" data-id=\"e4ac399\" data-element_type=\"widget\" data-e-type=\"widget\" data-widget_type=\"text-editor.default\">\n\t\t\t\t<div class=\"elementor-widget-container\">\n\t\t\t\t\t\t\t\t\t<ul><li style=\"text-align: left;\">Centre-ville de Bruxelles : 20 \u00e0 30 minutes<\/li><li style=\"text-align: left;\">Bruges : 1h20<\/li><li style=\"text-align: left;\">Gand : 1h<\/li><li style=\"text-align: left;\">Anvers : 40\u201350 min<\/li><li style=\"text-align: left;\">Charleroi : 1h<\/li><li style=\"text-align: left;\">Li\u00e8ge : 1h<\/li><\/ul><p style=\"text-align: left;\">Que vous voyagiez pour affaires ou pour le plaisir, le transfert priv\u00e9 est l\u2019option la plus confortable, rapide et fiable.<\/p>\t\t\t\t\t\t\t\t<\/div>\n\t\t\t\t<\/div>\n\t\t\t\t\t<\/div>\n\t\t<\/main>\n\t\t\t\t\t<\/div>\n\t\t<\/section>\n\t\t\t\t<section class=\"elementor-section elementor-top-section elementor-element elementor-element-67052cf elementor-section-boxed elementor-section-height-default elementor-section-height-default\" data-id=\"67052cf\" data-element_type=\"section\" data-e-type=\"section\">\n\t\t\t\t\t\t<div class=\"elementor-container elementor-column-gap-default\">\n\t\t\t\t\t<main class=\"elementor-column elementor-col-50 elementor-top-column elementor-element elementor-element-c6f03eb\" data-id=\"c6f03eb\" data-element_type=\"column\" data-e-type=\"column\">\n\t\t\t<div class=\"elementor-widget-wrap elementor-element-populated\">\n\t\t\t\t\t\t<div class=\"elementor-element elementor-element-512aaea elementor-widget elementor-widget-heading\" data-id=\"512aaea\" data-element_type=\"widget\" data-e-type=\"widget\" data-widget_type=\"heading.default\">\n\t\t\t\t<div class=\"elementor-widget-container\">\n\t\t\t\t\t<h1 class=\"elementor-heading-title elementor-size-default\">Ce qui est inclus dans un transfert priv\u00e9 :<\/h1>\t\t\t\t<\/div>\n\t\t\t\t<\/div>\n\t\t\t\t<div class=\"elementor-element elementor-element-3368a24 elementor-widget__width-inherit elementor-widget elementor-widget-text-editor\" data-id=\"3368a24\" data-element_type=\"widget\" data-e-type=\"widget\" data-widget_type=\"text-editor.default\">\n\t\t\t\t<div class=\"elementor-widget-container\">\n\t\t\t\t\t\t\t\t\t<ul><li style=\"text-align: left;\">Accueil personnalis\u00e9 \u00e0 l\u2019arriv\u00e9e<\/li><li style=\"text-align: left;\">Prix fixe, toutes taxes comprises<\/li><li style=\"text-align: left;\">Voiture ou van confortable<\/li><li style=\"text-align: left;\">Chauffeur professionnel parlant anglais<\/li><li style=\"text-align: left;\">Service de suivi de vol<\/li><li style=\"text-align: left;\">Aide avec les bagages<\/li><\/ul>\t\t\t\t\t\t\t\t<\/div>\n\t\t\t\t<\/div>\n\t\t\t\t\t<\/div>\n\t\t<\/main>\n\t\t\t\t<main class=\"elementor-column elementor-col-50 elementor-top-column elementor-element elementor-element-9f354bf\" data-id=\"9f354bf\" data-element_type=\"column\" data-e-type=\"column\">\n\t\t\t<div class=\"elementor-widget-wrap elementor-element-populated\">\n\t\t\t\t\t\t<div class=\"elementor-element elementor-element-cf4478c elementor-widget elementor-widget-heading\" data-id=\"cf4478c\" data-element_type=\"widget\" data-e-type=\"widget\" data-widget_type=\"heading.default\">\n\t\t\t\t<div class=\"elementor-widget-container\">\n\t\t\t\t\t<h2 class=\"elementor-heading-title elementor-size-default\">Pr\u00eat \u00e0 r\u00e9server votre transfert depuis l\u2019a\u00e9roport de Bruxelles ?<\/h2>\t\t\t\t<\/div>\n\t\t\t\t<\/div>\n\t\t\t\t<div class=\"elementor-element elementor-element-102fa88 elementor-widget__width-inherit elementor-widget elementor-widget-text-editor\" data-id=\"102fa88\" data-element_type=\"widget\" data-e-type=\"widget\" data-widget_type=\"text-editor.default\">\n\t\t\t\t<div class=\"elementor-widget-container\">\n\t\t\t\t\t\t\t\t\t<p style=\"text-align: left;\">Disponible 24h\/24 et 7j\/7<br \/>R\u00e9servation en ligne instantan\u00e9e<br \/>Paiement s\u00e9curis\u00e9<\/p>\t\t\t\t\t\t\t\t<\/div>\n\t\t\t\t<\/div>\n\t\t\t\t\t<\/div>\n\t\t<\/main>\n\t\t\t\t\t<\/div>\n\t\t<\/section>\n\t\t\t\t<section class=\"elementor-section elementor-top-section elementor-element elementor-element-2de10ca elementor-section-boxed elementor-section-height-default elementor-section-height-default\" data-id=\"2de10ca\" data-element_type=\"section\" data-e-type=\"section\">\n\t\t\t\t\t\t<div class=\"elementor-container elementor-column-gap-default\">\n\t\t\t\t\t<main class=\"elementor-column elementor-col-100 elementor-top-column elementor-element elementor-element-447bedf\" data-id=\"447bedf\" data-element_type=\"column\" data-e-type=\"column\">\n\t\t\t<div class=\"elementor-widget-wrap elementor-element-populated\">\n\t\t\t\t\t\t<div class=\"elementor-element elementor-element-c394c5e elementor-widget elementor-widget-spacer\" data-id=\"c394c5e\" data-element_type=\"widget\" data-e-type=\"widget\" data-widget_type=\"spacer.default\">\n\t\t\t\t<div class=\"elementor-widget-container\">\n\t\t\t\t\t\t\t<div class=\"elementor-spacer\">\n\t\t\t<div class=\"elementor-spacer-inner\"><\/div>\n\t\t<\/div>\n\t\t\t\t\t\t<\/div>\n\t\t\t\t<\/div>\n\t\t\t\t<div class=\"elementor-element elementor-element-2ebbf77 elementor-align-center elementor-mobile-align-center elementor-widget-mobile__width-auto elementor-invisible elementor-widget elementor-widget-button\" data-id=\"2ebbf77\" data-element_type=\"widget\" data-e-type=\"widget\" data-settings=\"{&quot;_animation&quot;:&quot;fadeInDown&quot;}\" data-widget_type=\"button.default\">\n\t\t\t\t<div class=\"elementor-widget-container\">\n\t\t\t\t\t\t\t\t\t<div class=\"elementor-button-wrapper\">\n\t\t\t\t\t<a class=\"elementor-button elementor-button-link elementor-size-sm\" href=\"https:\/\/transfers2airport.be\/fr\/book-brussels-airport-taxi-transfer\/\">\n\t\t\t\t\t\t<span class=\"elementor-button-content-wrapper\">\n\t\t\t\t\t\t\t\t\t<span class=\"elementor-button-text\">R\u00e9servez votre transfert priv\u00e9 depuis l\u2019a\u00e9roport de Bruxelles d\u00e8s maintenant !<\/span>\n\t\t\t\t\t<\/span>\n\t\t\t\t\t<\/a>\n\t\t\t\t<\/div>\n\t\t\t\t\t\t\t\t<\/div>\n\t\t\t\t<\/div>\n\t\t\t\t\t<\/div>\n\t\t<\/main>\n\t\t\t\t\t<\/div>\n\t\t<\/section>\n\t\t\t\t<\/div>","protected":false},"excerpt":{"rendered":"<p>Private Transfers from Brussels Airport (BRU) Everything You Need to Know Why Book a Private Transfer from Brussels Airport? Meet &amp; Greet \u2014 Your driver meets you inside the airport holding a name sign. Flight Tracking \u2014 Delayed flight? No worries. Your driver will adjust the pick-up time. Fixed Price \u2014 No hidden charges, even [&hellip;]<\/p>\n","protected":false},"author":1,"featured_media":0,"parent":0,"menu_order":0,"comment_status":"closed","ping_status":"closed","template":"elementor_header_footer","meta":{"footnotes":""},"class_list":["post-4773","page","type-page","status-publish","hentry"],"aioseo_notices":[],"_links":{"self":[{"href":"https:\/\/transfers2airport.be\/fr\/wp-json\/wp\/v2\/pages\/4773","targetHints":{"allow":["GET"]}}],"collection":[{"href":"https:\/\/transfers2airport.be\/fr\/wp-json\/wp\/v2\/pages"}],"about":[{"href":"https:\/\/transfers2airport.be\/fr\/wp-json\/wp\/v2\/types\/page"}],"author":[{"embeddable":true,"href":"https:\/\/transfers2airport.be\/fr\/wp-json\/wp\/v2\/users\/1"}],"replies":[{"embeddable":true,"href":"https:\/\/transfers2airport.be\/fr\/wp-json\/wp\/v2\/comments?post=4773"}],"version-history":[{"count":9,"href":"https:\/\/transfers2airport.be\/fr\/wp-json\/wp\/v2\/pages\/4773\/revisions"}],"predecessor-version":[{"id":8522,"href":"https:\/\/transfers2airport.be\/fr\/wp-json\/wp\/v2\/pages\/4773\/revisions\/8522"}],"wp:attachment":[{"href":"https:\/\/transfers2airport.be\/fr\/wp-json\/wp\/v2\/media?parent=4773"}],"curies":[{"name":"wp","href":"https:\/\/api.w.org\/{rel}","templated":true}]}}