{"id":4830,"date":"2025-04-27T14:47:45","date_gmt":"2025-04-27T13:47:45","guid":{"rendered":"https:\/\/transfers2airport.be\/?page_id=4830"},"modified":"2026-03-07T00:54:35","modified_gmt":"2026-03-06T23:54:35","slug":"how-much-is-a-taxi-from-charleroi-airport-to-brussels","status":"publish","type":"page","link":"https:\/\/transfers2airport.be\/fr\/how-much-is-a-taxi-from-charleroi-airport-to-brussels\/","title":{"rendered":"Combien co\u00fbte un taxi de l\u2019a\u00e9roport de Charleroi \u00e0 Bruxelles?"},"content":{"rendered":"<div data-elementor-type=\"wp-page\" data-elementor-id=\"4830\" class=\"elementor elementor-4830\">\n\t\t\t\t\t\t<section class=\"elementor-section elementor-top-section elementor-element elementor-element-787c8324 elementor-section-boxed elementor-section-height-default elementor-section-height-default\" data-id=\"787c8324\" data-element_type=\"section\" data-e-type=\"section\" id=\"top\">\n\t\t\t\t\t\t<div class=\"elementor-container elementor-column-gap-no\">\n\t\t\t\t\t<header class=\"elementor-column elementor-col-50 elementor-top-column elementor-element elementor-element-5092bee8\" data-id=\"5092bee8\" data-element_type=\"column\" data-e-type=\"column\">\n\t\t\t<div class=\"elementor-widget-wrap elementor-element-populated\">\n\t\t\t\t\t\t<div class=\"elementor-element elementor-element-589e3478 elementor-widget elementor-widget-heading\" data-id=\"589e3478\" data-element_type=\"widget\" data-e-type=\"widget\" data-widget_type=\"heading.default\">\n\t\t\t\t<div class=\"elementor-widget-container\">\n\t\t\t\t\t<h1 class=\"elementor-heading-title elementor-size-default\">Combien co\u00fbte un taxi de l\u2019a\u00e9roport de Charleroi \u00e0 Bruxelles?<\/h1>\t\t\t\t<\/div>\n\t\t\t\t<\/div>\n\t\t\t\t<div class=\"elementor-element elementor-element-509efc32 elementor-widget-divider--view-line elementor-widget elementor-widget-divider\" data-id=\"509efc32\" data-element_type=\"widget\" data-e-type=\"widget\" data-widget_type=\"divider.default\">\n\t\t\t\t<div class=\"elementor-widget-container\">\n\t\t\t\t\t\t\t<div class=\"elementor-divider\">\n\t\t\t<span class=\"elementor-divider-separator\">\n\t\t\t\t\t\t<\/span>\n\t\t<\/div>\n\t\t\t\t\t\t<\/div>\n\t\t\t\t<\/div>\n\t\t\t\t<div class=\"elementor-element elementor-element-5838501 elementor-widget elementor-widget-text-editor\" data-id=\"5838501\" data-element_type=\"widget\" data-e-type=\"widget\" data-widget_type=\"text-editor.default\">\n\t\t\t\t<div class=\"elementor-widget-container\">\n\t\t\t\t\t\t\t\t\t<p class=\"translation-block\" style=\"text-align: left;\" data-start=\"336\" data-end=\"539\">Vous atterrissez \u00e0 l\u2019a\u00e9roport de Charleroi (CRL) et envisagez de prendre un taxi pour Bruxelles ?\nVoici tout ce que vous devez savoir sur les tarifs \u2014 et pourquoi un transfert priv\u00e9 pourrait \u00eatre un meilleur choix !<\/p>\t\t\t\t\t\t\t\t<\/div>\n\t\t\t\t<\/div>\n\t\t\t\t\t<\/div>\n\t\t<\/header>\n\t\t\t\t<div class=\"elementor-column elementor-col-50 elementor-top-column elementor-element elementor-element-da44caf\" data-id=\"da44caf\" data-element_type=\"column\" data-e-type=\"column\">\n\t\t\t<div class=\"elementor-widget-wrap elementor-element-populated\">\n\t\t\t\t\t\t<div class=\"elementor-element elementor-element-47d91440 elementor-widget elementor-widget-image\" data-id=\"47d91440\" data-element_type=\"widget\" data-e-type=\"widget\" data-widget_type=\"image.default\">\n\t\t\t\t<div class=\"elementor-widget-container\">\n\t\t\t\t\t\t\t\t\t\t\t\t\t\t\t<img fetchpriority=\"high\" decoding=\"async\" width=\"300\" height=\"200\" src=\"https:\/\/transfers2airport.be\/wp-content\/uploads\/2025\/04\/pexels-tim-samuel-5835467-300x200.jpg\" class=\"attachment-medium size-medium wp-image-4836\" alt=\"\" srcset=\"https:\/\/transfers2airport.be\/wp-content\/uploads\/2025\/04\/pexels-tim-samuel-5835467-300x200.jpg 300w, https:\/\/transfers2airport.be\/wp-content\/uploads\/2025\/04\/pexels-tim-samuel-5835467-1024x683.jpg 1024w, https:\/\/transfers2airport.be\/wp-content\/uploads\/2025\/04\/pexels-tim-samuel-5835467-768x512.jpg 768w, https:\/\/transfers2airport.be\/wp-content\/uploads\/2025\/04\/pexels-tim-samuel-5835467-1536x1024.jpg 1536w, https:\/\/transfers2airport.be\/wp-content\/uploads\/2025\/04\/pexels-tim-samuel-5835467-2048x1365.jpg 2048w, https:\/\/transfers2airport.be\/wp-content\/uploads\/2025\/04\/pexels-tim-samuel-5835467-18x12.jpg 18w\" sizes=\"(max-width: 300px) 100vw, 300px\" \/>\t\t\t\t\t\t\t\t\t\t\t\t\t\t\t<\/div>\n\t\t\t\t<\/div>\n\t\t\t\t\t<\/div>\n\t\t<\/div>\n\t\t\t\t\t<\/div>\n\t\t<\/section>\n\t\t\t\t<section class=\"elementor-section elementor-top-section elementor-element elementor-element-25ba5de4 elementor-section-boxed elementor-section-height-default elementor-section-height-default\" data-id=\"25ba5de4\" data-element_type=\"section\" data-e-type=\"section\">\n\t\t\t\t\t\t<div class=\"elementor-container elementor-column-gap-default\">\n\t\t\t\t\t<main class=\"elementor-column elementor-col-50 elementor-top-column elementor-element elementor-element-581d373b\" data-id=\"581d373b\" data-element_type=\"column\" data-e-type=\"column\">\n\t\t\t<div class=\"elementor-widget-wrap elementor-element-populated\">\n\t\t\t\t\t\t<div class=\"elementor-element elementor-element-3741c222 elementor-widget elementor-widget-heading\" data-id=\"3741c222\" data-element_type=\"widget\" data-e-type=\"widget\" data-widget_type=\"heading.default\">\n\t\t\t\t<div class=\"elementor-widget-container\">\n\t\t\t\t\t<h1 class=\"elementor-heading-title elementor-size-default\">Tarif taxi typique de l\u2019a\u00e9roport de Charleroi \u00e0 Bruxelles\n<\/h1>\t\t\t\t<\/div>\n\t\t\t\t<\/div>\n\t\t\t\t<div class=\"elementor-element elementor-element-4144771f elementor-widget__width-inherit elementor-widget elementor-widget-text-editor\" data-id=\"4144771f\" data-element_type=\"widget\" data-e-type=\"widget\" data-widget_type=\"text-editor.default\">\n\t\t\t\t<div class=\"elementor-widget-container\">\n\t\t\t\t\t\t\t\t\t<ul><li style=\"text-align: left;\">Prix moyen : 170 \u20ac \u2013 200 \u20ac<\/li><li style=\"text-align: left;\">Trajets de nuit ou le week-end : peuvent co\u00fbter encore plus cher.<\/li><li style=\"text-align: left;\">Des frais suppl\u00e9mentaires peuvent s\u2019ajouter pour :<ul><li style=\"text-align: left;\">Bagages<\/li><li style=\"text-align: left;\">Temps d\u2019attente<\/li><li style=\"text-align: left;\">Embouteillages<\/li><\/ul><\/li><\/ul><p>\u00a0<\/p>\t\t\t\t\t\t\t\t<\/div>\n\t\t\t\t<\/div>\n\t\t\t\t\t<\/div>\n\t\t<\/main>\n\t\t\t\t<main class=\"elementor-column elementor-col-50 elementor-top-column elementor-element elementor-element-6962e3ea\" data-id=\"6962e3ea\" data-element_type=\"column\" data-e-type=\"column\">\n\t\t\t<div class=\"elementor-widget-wrap elementor-element-populated\">\n\t\t\t\t\t\t<div class=\"elementor-element elementor-element-2f2ca4b7 elementor-widget elementor-widget-heading\" data-id=\"2f2ca4b7\" data-element_type=\"widget\" data-e-type=\"widget\" data-widget_type=\"heading.default\">\n\t\t\t\t<div class=\"elementor-widget-container\">\n\t\t\t\t\t<h2 class=\"elementor-heading-title elementor-size-default\">\u00c0 quoi faut-il faire attention ?<\/h2>\t\t\t\t<\/div>\n\t\t\t\t<\/div>\n\t\t\t\t<div class=\"elementor-element elementor-element-41cbf424 elementor-widget__width-inherit elementor-widget elementor-widget-text-editor\" data-id=\"41cbf424\" data-element_type=\"widget\" data-e-type=\"widget\" data-widget_type=\"text-editor.default\">\n\t\t\t\t<div class=\"elementor-widget-container\">\n\t\t\t\t\t\t\t\t\t<ul data-start=\"813\" data-end=\"1068\"><li class=\"\" data-start=\"813\" data-end=\"875\"><p class=\"translation-block\" style=\"text-align: left;\" data-start=\"815\" data-end=\"875\">Aucun tarif fixe : la plupart des taxis utilisent un compteur.<\/p><\/li><li class=\"\" style=\"text-align: left;\" data-start=\"876\" data-end=\"968\"><p class=\"\" data-start=\"878\" data-end=\"968\"><strong data-start=\"878\" data-end=\"903\">Circulation = prix plus \u00e9lev\u00e9 :<\/strong>les embouteillages sur l\u2019autoroute E19 peuvent ajouter 30 \u00e0 50 \u20ac \u00e0 la course.<\/p><\/li><li class=\"\" data-start=\"969\" data-end=\"1068\"><p class=\"\" style=\"text-align: left;\" data-start=\"971\" data-end=\"1068\"><strong data-start=\"971\" data-end=\"995\">Disponibilit\u00e9 limit\u00e9e :<\/strong>en p\u00e9riode de forte affluence, l\u2019attente peut \u00eatre longue.<\/p><\/li><\/ul>\t\t\t\t\t\t\t\t<\/div>\n\t\t\t\t<\/div>\n\t\t\t\t\t<\/div>\n\t\t<\/main>\n\t\t\t\t\t<\/div>\n\t\t<\/section>\n\t\t\t\t<section class=\"elementor-section elementor-top-section elementor-element elementor-element-2067fa44 elementor-section-boxed elementor-section-height-default elementor-section-height-default\" data-id=\"2067fa44\" data-element_type=\"section\" data-e-type=\"section\">\n\t\t\t\t\t\t<div class=\"elementor-container elementor-column-gap-default\">\n\t\t\t\t\t<main class=\"elementor-column elementor-col-50 elementor-top-column elementor-element elementor-element-2787ceaa\" data-id=\"2787ceaa\" data-element_type=\"column\" data-e-type=\"column\">\n\t\t\t<div class=\"elementor-widget-wrap elementor-element-populated\">\n\t\t\t\t\t\t<div class=\"elementor-element elementor-element-45648732 elementor-widget elementor-widget-heading\" data-id=\"45648732\" data-element_type=\"widget\" data-e-type=\"widget\" data-widget_type=\"heading.default\">\n\t\t\t\t<div class=\"elementor-widget-container\">\n\t\t\t\t\t<h1 class=\"elementor-heading-title elementor-size-default\">Pourquoi choisir un transfert priv\u00e9 ?<\/h1>\t\t\t\t<\/div>\n\t\t\t\t<\/div>\n\t\t\t\t<div class=\"elementor-element elementor-element-e576dc5 elementor-widget__width-inherit elementor-widget elementor-widget-text-editor\" data-id=\"e576dc5\" data-element_type=\"widget\" data-e-type=\"widget\" data-widget_type=\"text-editor.default\">\n\t\t\t\t<div class=\"elementor-widget-container\">\n\t\t\t\t\t\t\t\t\t<p style=\"text-align: left;\">\u2705 <strong data-start=\"1117\" data-end=\"1132\">Prix fixe<\/strong> - Aucun co\u00fbt suppl\u00e9mentaire, m\u00eame en cas de circulation.<br data-start=\"1167\" data-end=\"1170\" \/>\u2705 <strong data-start=\"1172\" data-end=\"1196\">Service d\u2019accueil personnalis\u00e9<\/strong> - Votre chauffeur vous attend \u00e0 l\u2019a\u00e9roport avec une pancarte \u00e0 votre nom.<br data-start=\"1249\" data-end=\"1252\" \/>\u2705 <strong data-start=\"1254\" data-end=\"1274\">Confort garanti<\/strong> - Berlines et minivans modernes, pas de v\u00e9hicules v\u00e9tustes.<br data-start=\"1327\" data-end=\"1330\" \/>\u2705 <strong data-start=\"1332\" data-end=\"1346\">Z\u00e9ro attente<\/strong> - Votre v\u00e9hicule est r\u00e9serv\u00e9 uniquement pour vous !<\/p>\t\t\t\t\t\t\t\t<\/div>\n\t\t\t\t<\/div>\n\t\t\t\t\t<\/div>\n\t\t<\/main>\n\t\t\t\t<main class=\"elementor-column elementor-col-50 elementor-top-column elementor-element elementor-element-37ad1f6a\" data-id=\"37ad1f6a\" data-element_type=\"column\" data-e-type=\"column\">\n\t\t\t<div class=\"elementor-widget-wrap elementor-element-populated\">\n\t\t\t\t\t\t<div class=\"elementor-element elementor-element-40acd6e6 elementor-widget elementor-widget-heading\" data-id=\"40acd6e6\" data-element_type=\"widget\" data-e-type=\"widget\" data-widget_type=\"heading.default\">\n\t\t\t\t<div class=\"elementor-widget-container\">\n\t\t\t\t\t<h2 class=\"elementor-heading-title elementor-size-default\">Distance et dur\u00e9e du trajet<\/h2>\t\t\t\t<\/div>\n\t\t\t\t<\/div>\n\t\t\t\t<div class=\"elementor-element elementor-element-1da50602 elementor-widget__width-inherit elementor-widget elementor-widget-text-editor\" data-id=\"1da50602\" data-element_type=\"widget\" data-e-type=\"widget\" data-widget_type=\"text-editor.default\">\n\t\t\t\t<div class=\"elementor-widget-container\">\n\t\t\t\t\t\t\t\t\t<ul><li class=\"\" data-start=\"1518\" data-end=\"1551\"><p class=\"translation-block\" style=\"text-align: left;\" data-start=\"1520\" data-end=\"1551\">Distance : Environ 60 km<\/p><\/li><li class=\"\" data-start=\"1552\" data-end=\"1625\"><p class=\"translation-block\" style=\"text-align: left;\" data-start=\"1554\" data-end=\"1625\">Dur\u00e9e : Environ 50 minutes \u00e0 1 heure, selon la circulation<\/p><\/li><\/ul>\t\t\t\t\t\t\t\t<\/div>\n\t\t\t\t<\/div>\n\t\t\t\t\t<\/div>\n\t\t<\/main>\n\t\t\t\t\t<\/div>\n\t\t<\/section>\n\t\t\t\t<section class=\"elementor-section elementor-top-section elementor-element elementor-element-375b3833 elementor-section-boxed elementor-section-height-default elementor-section-height-default\" data-id=\"375b3833\" data-element_type=\"section\" data-e-type=\"section\">\n\t\t\t\t\t\t<div class=\"elementor-container elementor-column-gap-default\">\n\t\t\t\t\t<main class=\"elementor-column elementor-col-100 elementor-top-column elementor-element elementor-element-74b8f865\" data-id=\"74b8f865\" data-element_type=\"column\" data-e-type=\"column\">\n\t\t\t<div class=\"elementor-widget-wrap elementor-element-populated\">\n\t\t\t\t\t\t<div class=\"elementor-element elementor-element-1fb4a1eb elementor-widget elementor-widget-spacer\" data-id=\"1fb4a1eb\" data-element_type=\"widget\" data-e-type=\"widget\" data-widget_type=\"spacer.default\">\n\t\t\t\t<div class=\"elementor-widget-container\">\n\t\t\t\t\t\t\t<div class=\"elementor-spacer\">\n\t\t\t<div class=\"elementor-spacer-inner\"><\/div>\n\t\t<\/div>\n\t\t\t\t\t\t<\/div>\n\t\t\t\t<\/div>\n\t\t\t\t<div class=\"elementor-element elementor-element-5ec1d4e1 elementor-align-center elementor-mobile-align-center elementor-widget-mobile__width-auto elementor-invisible elementor-widget elementor-widget-button\" data-id=\"5ec1d4e1\" data-element_type=\"widget\" data-e-type=\"widget\" data-settings=\"{&quot;_animation&quot;:&quot;fadeInDown&quot;}\" data-widget_type=\"button.default\">\n\t\t\t\t<div class=\"elementor-widget-container\">\n\t\t\t\t\t\t\t\t\t<div class=\"elementor-button-wrapper\">\n\t\t\t\t\t<a class=\"elementor-button elementor-button-link elementor-size-sm\" href=\"https:\/\/transfers2airport.be\/fr\/charleroi-airport-transfer-to-brussels\/\">\n\t\t\t\t\t\t<span class=\"elementor-button-content-wrapper\">\n\t\t\t\t\t\t\t\t\t<span class=\"elementor-button-text\">R\u00e9servez votre transfert priv\u00e9 de l\u2019a\u00e9roport de Charleroi vers Bruxelles d\u00e8s maintenant !<\/span>\n\t\t\t\t\t<\/span>\n\t\t\t\t\t<\/a>\n\t\t\t\t<\/div>\n\t\t\t\t\t\t\t\t<\/div>\n\t\t\t\t<\/div>\n\t\t\t\t\t<\/div>\n\t\t<\/main>\n\t\t\t\t\t<\/div>\n\t\t<\/section>\n\t\t\t\t<\/div>","protected":false},"excerpt":{"rendered":"<p>How Much is a Taxi from Charleroi Airport to Brussels? Landing at Charleroi Airport (CRL) and thinking of taking a taxi to Brussels?Here\u2019s everything you need to know about the taxi prices \u2014 and why a private transfer might be a better choice! Typical Taxi Cost from Charleroi Airport to Brussels Average Price: \u20ac170 \u2013 [&hellip;]<\/p>\n","protected":false},"author":1,"featured_media":0,"parent":0,"menu_order":0,"comment_status":"closed","ping_status":"closed","template":"elementor_header_footer","meta":{"footnotes":""},"class_list":["post-4830","page","type-page","status-publish","hentry"],"aioseo_notices":[],"_links":{"self":[{"href":"https:\/\/transfers2airport.be\/fr\/wp-json\/wp\/v2\/pages\/4830","targetHints":{"allow":["GET"]}}],"collection":[{"href":"https:\/\/transfers2airport.be\/fr\/wp-json\/wp\/v2\/pages"}],"about":[{"href":"https:\/\/transfers2airport.be\/fr\/wp-json\/wp\/v2\/types\/page"}],"author":[{"embeddable":true,"href":"https:\/\/transfers2airport.be\/fr\/wp-json\/wp\/v2\/users\/1"}],"replies":[{"embeddable":true,"href":"https:\/\/transfers2airport.be\/fr\/wp-json\/wp\/v2\/comments?post=4830"}],"version-history":[{"count":9,"href":"https:\/\/transfers2airport.be\/fr\/wp-json\/wp\/v2\/pages\/4830\/revisions"}],"predecessor-version":[{"id":8516,"href":"https:\/\/transfers2airport.be\/fr\/wp-json\/wp\/v2\/pages\/4830\/revisions\/8516"}],"wp:attachment":[{"href":"https:\/\/transfers2airport.be\/fr\/wp-json\/wp\/v2\/media?parent=4830"}],"curies":[{"name":"wp","href":"https:\/\/api.w.org\/{rel}","templated":true}]}}