{"id":4843,"date":"2025-04-27T14:55:47","date_gmt":"2025-04-27T13:55:47","guid":{"rendered":"https:\/\/transfers2airport.be\/?page_id=4843"},"modified":"2026-03-07T00:55:50","modified_gmt":"2026-03-06T23:55:50","slug":"charleroi-airport-crl-transfers-your-guide-to-hassle-free-travel","status":"publish","type":"page","link":"https:\/\/transfers2airport.be\/fr\/charleroi-airport-crl-transfers-your-guide-to-hassle-free-travel\/","title":{"rendered":"Transferts de l\u2019a\u00e9roport de Charleroi (CRL) : Votre guide pour un voyage sans tracas"},"content":{"rendered":"<div data-elementor-type=\"wp-page\" data-elementor-id=\"4843\" class=\"elementor elementor-4843\">\n\t\t\t\t\t\t<section class=\"elementor-section elementor-top-section elementor-element elementor-element-4dcc9664 elementor-section-boxed elementor-section-height-default elementor-section-height-default\" data-id=\"4dcc9664\" data-element_type=\"section\" data-e-type=\"section\" id=\"top\">\n\t\t\t\t\t\t<div class=\"elementor-container elementor-column-gap-no\">\n\t\t\t\t\t<header class=\"elementor-column elementor-col-50 elementor-top-column elementor-element elementor-element-6e68560c\" data-id=\"6e68560c\" data-element_type=\"column\" data-e-type=\"column\">\n\t\t\t<div class=\"elementor-widget-wrap elementor-element-populated\">\n\t\t\t\t\t\t<div class=\"elementor-element elementor-element-28ae5c2 elementor-widget elementor-widget-heading\" data-id=\"28ae5c2\" data-element_type=\"widget\" data-e-type=\"widget\" data-widget_type=\"heading.default\">\n\t\t\t\t<div class=\"elementor-widget-container\">\n\t\t\t\t\t<h1 class=\"elementor-heading-title elementor-size-default\">Transferts de l\u2019a\u00e9roport de Charleroi (CRL) : Votre guide pour un voyage sans tracas<\/h1>\t\t\t\t<\/div>\n\t\t\t\t<\/div>\n\t\t\t\t<div class=\"elementor-element elementor-element-52bf7655 elementor-widget-divider--view-line elementor-widget elementor-widget-divider\" data-id=\"52bf7655\" data-element_type=\"widget\" data-e-type=\"widget\" data-widget_type=\"divider.default\">\n\t\t\t\t<div class=\"elementor-widget-container\">\n\t\t\t\t\t\t\t<div class=\"elementor-divider\">\n\t\t\t<span class=\"elementor-divider-separator\">\n\t\t\t\t\t\t<\/span>\n\t\t<\/div>\n\t\t\t\t\t\t<\/div>\n\t\t\t\t<\/div>\n\t\t\t\t<div class=\"elementor-element elementor-element-f4578e5 elementor-widget elementor-widget-text-editor\" data-id=\"f4578e5\" data-element_type=\"widget\" data-e-type=\"widget\" data-widget_type=\"text-editor.default\">\n\t\t\t\t<div class=\"elementor-widget-container\">\n\t\t\t\t\t\t\t\t\t<p style=\"text-align: left;\">Vous atterrissez \u00e0 <strong data-start=\"239\" data-end=\"281\">l\u2019a\u00e9roport de Charleroi Bruxelles-Sud (CRL)<\/strong>?<br data-start=\"282\" data-end=\"285\" \/>Voici la mani\u00e8re la plus simple, rapide et confortable de rejoindre votre destination sans stress.<\/p>\t\t\t\t\t\t\t\t<\/div>\n\t\t\t\t<\/div>\n\t\t\t\t\t<\/div>\n\t\t<\/header>\n\t\t\t\t<div class=\"elementor-column elementor-col-50 elementor-top-column elementor-element elementor-element-a152b09\" data-id=\"a152b09\" data-element_type=\"column\" data-e-type=\"column\">\n\t\t\t<div class=\"elementor-widget-wrap elementor-element-populated\">\n\t\t\t\t\t\t<div class=\"elementor-element elementor-element-7752d4e3 elementor-widget elementor-widget-image\" data-id=\"7752d4e3\" data-element_type=\"widget\" data-e-type=\"widget\" data-widget_type=\"image.default\">\n\t\t\t\t<div class=\"elementor-widget-container\">\n\t\t\t\t\t\t\t\t\t\t\t\t\t\t\t<img fetchpriority=\"high\" decoding=\"async\" width=\"300\" height=\"169\" src=\"https:\/\/transfers2airport.be\/wp-content\/uploads\/2023\/03\/brucrl-prop-tw-300x169.jpg\" class=\"attachment-medium size-medium wp-image-112\" alt=\"Airport Transfers | Brussels South Charleroi Airport\" srcset=\"https:\/\/transfers2airport.be\/wp-content\/uploads\/2023\/03\/brucrl-prop-tw-300x169.jpg 300w, https:\/\/transfers2airport.be\/wp-content\/uploads\/2023\/03\/brucrl-prop-tw-1024x576.jpg 1024w, https:\/\/transfers2airport.be\/wp-content\/uploads\/2023\/03\/brucrl-prop-tw-768x432.jpg 768w, https:\/\/transfers2airport.be\/wp-content\/uploads\/2023\/03\/brucrl-prop-tw.jpg 1200w\" sizes=\"(max-width: 300px) 100vw, 300px\" \/>\t\t\t\t\t\t\t\t\t\t\t\t\t\t\t<\/div>\n\t\t\t\t<\/div>\n\t\t\t\t\t<\/div>\n\t\t<\/div>\n\t\t\t\t\t<\/div>\n\t\t<\/section>\n\t\t\t\t<section class=\"elementor-section elementor-top-section elementor-element elementor-element-419067be elementor-section-boxed elementor-section-height-default elementor-section-height-default\" data-id=\"419067be\" data-element_type=\"section\" data-e-type=\"section\">\n\t\t\t\t\t\t<div class=\"elementor-container elementor-column-gap-default\">\n\t\t\t\t\t<main class=\"elementor-column elementor-col-50 elementor-top-column elementor-element elementor-element-1eb32dde\" data-id=\"1eb32dde\" data-element_type=\"column\" data-e-type=\"column\">\n\t\t\t<div class=\"elementor-widget-wrap elementor-element-populated\">\n\t\t\t\t\t\t<div class=\"elementor-element elementor-element-1bc60c15 elementor-widget elementor-widget-heading\" data-id=\"1bc60c15\" data-element_type=\"widget\" data-e-type=\"widget\" data-widget_type=\"heading.default\">\n\t\t\t\t<div class=\"elementor-widget-container\">\n\t\t\t\t\t<h1 class=\"elementor-heading-title elementor-size-default\">Transports depuis l\u2019a\u00e9roport de Charleroi<\/h1>\t\t\t\t<\/div>\n\t\t\t\t<\/div>\n\t\t\t\t<div class=\"elementor-element elementor-element-17e3d424 elementor-widget__width-inherit elementor-widget elementor-widget-text-editor\" data-id=\"17e3d424\" data-element_type=\"widget\" data-e-type=\"widget\" data-widget_type=\"text-editor.default\">\n\t\t\t\t<div class=\"elementor-widget-container\">\n\t\t\t\t\t\t\t\t\t<ul data-start=\"414\" data-end=\"690\"><li class=\"\" data-start=\"414\" data-end=\"518\"><p class=\"\" style=\"text-align: left;\" data-start=\"416\" data-end=\"518\"><strong data-start=\"416\" data-end=\"431\">Bus + Train:<\/strong>Bus jusqu\u2019\u00e0 Charleroi-Ville, puis train vers Bruxelles ou d'autres villes. Lent, peu pratique avec des bagages.<\/p><\/li><li class=\"\" style=\"text-align: left;\" data-start=\"519\" data-end=\"604\"><p class=\"\" data-start=\"521\" data-end=\"604\"><strong data-start=\"521\" data-end=\"538\">Navettes:<\/strong>Navettes directes vers Bruxelles disponibles, mais aux horaires fixes uniquement. Possibilit\u00e9 d\u2019attente et de surcharge.<\/p><\/li><li class=\"\" style=\"text-align: left;\" data-start=\"605\" data-end=\"690\"><p class=\"\" data-start=\"607\" data-end=\"690\"><strong data-start=\"607\" data-end=\"616\">Taxis classiques:<\/strong>Disponibles \u00e0 l\u2019arriv\u00e9e, mais <strong data-start=\"645\" data-end=\"663\">tr\u00e8s chers<\/strong> \u2013 souvent plus de 170 \u20ac pour Bruxelles.<\/p><\/li><\/ul><p class=\"\" style=\"text-align: left;\" data-start=\"692\" data-end=\"772\"><strong data-start=\"692\" data-end=\"705\">Inconv\u00e9nients:<\/strong>Trafic, compteur qui tourne, frais impr\u00e9vus (bagages, attente\u2026).<\/p>\t\t\t\t\t\t\t\t<\/div>\n\t\t\t\t<\/div>\n\t\t\t\t\t<\/div>\n\t\t<\/main>\n\t\t\t\t<main class=\"elementor-column elementor-col-50 elementor-top-column elementor-element elementor-element-649b26f2\" data-id=\"649b26f2\" data-element_type=\"column\" data-e-type=\"column\">\n\t\t\t<div class=\"elementor-widget-wrap elementor-element-populated\">\n\t\t\t\t\t\t<div class=\"elementor-element elementor-element-11bfc202 elementor-widget elementor-widget-heading\" data-id=\"11bfc202\" data-element_type=\"widget\" data-e-type=\"widget\" data-widget_type=\"heading.default\">\n\t\t\t\t<div class=\"elementor-widget-container\">\n\t\t\t\t\t<h2 class=\"elementor-heading-title elementor-size-default\">Transferts priv\u00e9s depuis l\u2019a\u00e9roport de Charleroi (Option recommand\u00e9e)<\/h2>\t\t\t\t<\/div>\n\t\t\t\t<\/div>\n\t\t\t\t<div class=\"elementor-element elementor-element-3b7ccc54 elementor-widget__width-inherit elementor-widget elementor-widget-text-editor\" data-id=\"3b7ccc54\" data-element_type=\"widget\" data-e-type=\"widget\" data-widget_type=\"text-editor.default\">\n\t\t\t\t<div class=\"elementor-widget-container\">\n\t\t\t\t\t\t\t\t\t<p style=\"text-align: left;\">\u2705 Accueil personnalis\u00e9 dans le hall des arriv\u00e9es \u2014 votre chauffeur vous attend avec une pancarte.<br \/>\u2705 Prix fixe garanti \u2014 aucun suppl\u00e9ment m\u00eame en cas de retard ou d\u2019embouteillage.<br \/>\u2705 Trajet direct jusqu\u2019\u00e0 votre destination \u2014 pas d\u2019arr\u00eats, pas de passagers \u00e0 partager.<br \/>\u2705 Confort garanti \u2014 v\u00e9hicules propres, r\u00e9cents, climatis\u00e9s et assur\u00e9s.<\/p>\t\t\t\t\t\t\t\t<\/div>\n\t\t\t\t<\/div>\n\t\t\t\t\t<\/div>\n\t\t<\/main>\n\t\t\t\t\t<\/div>\n\t\t<\/section>\n\t\t\t\t<section class=\"elementor-section elementor-top-section elementor-element elementor-element-2fc4735a elementor-section-boxed elementor-section-height-default elementor-section-height-default\" data-id=\"2fc4735a\" data-element_type=\"section\" data-e-type=\"section\">\n\t\t\t\t\t\t<div class=\"elementor-container elementor-column-gap-default\">\n\t\t\t\t\t<main class=\"elementor-column elementor-col-50 elementor-top-column elementor-element elementor-element-702e6c71\" data-id=\"702e6c71\" data-element_type=\"column\" data-e-type=\"column\">\n\t\t\t<div class=\"elementor-widget-wrap elementor-element-populated\">\n\t\t\t\t\t\t<div class=\"elementor-element elementor-element-47b1bb36 elementor-widget elementor-widget-heading\" data-id=\"47b1bb36\" data-element_type=\"widget\" data-e-type=\"widget\" data-widget_type=\"heading.default\">\n\t\t\t\t<div class=\"elementor-widget-container\">\n\t\t\t\t\t<h1 class=\"elementor-heading-title elementor-size-default\">Destinations populaires au d\u00e9part de Charleroi Airport :<\/h1>\t\t\t\t<\/div>\n\t\t\t\t<\/div>\n\t\t\t\t<div class=\"elementor-element elementor-element-7fee027b elementor-widget__width-inherit elementor-widget elementor-widget-text-editor\" data-id=\"7fee027b\" data-element_type=\"widget\" data-e-type=\"widget\" data-widget_type=\"text-editor.default\">\n\t\t\t\t<div class=\"elementor-widget-container\">\n\t\t\t\t\t\t\t\t\t<ul data-start=\"1230\" data-end=\"1410\"><li class=\"\" data-start=\"1230\" data-end=\"1273\"><p class=\"\" style=\"text-align: left;\" data-start=\"1232\" data-end=\"1273\"><strong data-start=\"1232\" data-end=\"1256\">Bruxelles Centre<\/strong> (~1h)<\/p><\/li><li class=\"\" style=\"text-align: left;\" data-start=\"1274\" data-end=\"1308\"><p class=\"\" data-start=\"1276\" data-end=\"1308\"><strong data-start=\"1276\" data-end=\"1286\">Bruges<\/strong> (~1h45)<\/p><\/li><li class=\"\" style=\"text-align: left;\" data-start=\"1309\" data-end=\"1342\"><p class=\"\" data-start=\"1311\" data-end=\"1342\"><strong data-start=\"1311\" data-end=\"1320\">Gand<\/strong> (~1h30)<\/p><\/li><li class=\"\" style=\"text-align: left;\" data-start=\"1343\" data-end=\"1378\"><p class=\"\" data-start=\"1345\" data-end=\"1378\"><strong data-start=\"1345\" data-end=\"1356\">Anvers<\/strong> (~1h30)<\/p><\/li><li class=\"\" style=\"text-align: left;\" data-start=\"1379\" data-end=\"1410\"><p class=\"\" data-start=\"1381\" data-end=\"1410\"><strong data-start=\"1381\" data-end=\"1390\">Li\u00e8ge<\/strong> (1 hour 20 minutes)<\/p><\/li><\/ul><p class=\"\" style=\"text-align: left;\" data-start=\"1412\" data-end=\"1496\">Transferts \u00e9galement disponibles vers toutes les grandes villes de Belgique et les pays voisins (France, Luxembourg, Pays-Bas\u2026).<\/p>\t\t\t\t\t\t\t\t<\/div>\n\t\t\t\t<\/div>\n\t\t\t\t\t<\/div>\n\t\t<\/main>\n\t\t\t\t<main class=\"elementor-column elementor-col-50 elementor-top-column elementor-element elementor-element-759ff748\" data-id=\"759ff748\" data-element_type=\"column\" data-e-type=\"column\">\n\t\t\t<div class=\"elementor-widget-wrap elementor-element-populated\">\n\t\t\t\t\t\t<div class=\"elementor-element elementor-element-29134aeb elementor-widget elementor-widget-heading\" data-id=\"29134aeb\" data-element_type=\"widget\" data-e-type=\"widget\" data-widget_type=\"heading.default\">\n\t\t\t\t<div class=\"elementor-widget-container\">\n\t\t\t\t\t<h2 class=\"elementor-heading-title elementor-size-default\">Pourquoi les voyageurs pr\u00e9f\u00e8rent le transfert priv\u00e9 depuis CRL :<\/h2>\t\t\t\t<\/div>\n\t\t\t\t<\/div>\n\t\t\t\t<div class=\"elementor-element elementor-element-1ea6b8f7 elementor-widget__width-inherit elementor-widget elementor-widget-text-editor\" data-id=\"1ea6b8f7\" data-element_type=\"widget\" data-e-type=\"widget\" data-widget_type=\"text-editor.default\">\n\t\t\t\t<div class=\"elementor-widget-container\">\n\t\t\t\t\t\t\t\t\t<ul><li class=\"\" data-start=\"1556\" data-end=\"1585\"><p class=\"\" style=\"text-align: left;\" data-start=\"1558\" data-end=\"1585\">Voyage \u00e0 votre rythme, selon votre horaire<\/p><\/li><li class=\"\" style=\"text-align: left;\" data-start=\"1586\" data-end=\"1618\"><p class=\"\" data-start=\"1588\" data-end=\"1618\">Z\u00e9ro attente, z\u00e9ro stress<\/p><\/li><li class=\"\" style=\"text-align: left;\" data-start=\"1619\" data-end=\"1642\"><p class=\"\" data-start=\"1621\" data-end=\"1642\">Gestion facile des bagages<\/p><\/li><li class=\"\" style=\"text-align: left;\" data-start=\"1643\" data-end=\"1680\"><p class=\"\" data-start=\"1645\" data-end=\"1680\">V\u00e9hicule priv\u00e9, s\u00fbr et confortable<\/p><\/li><li class=\"\" data-start=\"1681\" data-end=\"1707\"><p class=\"\" style=\"text-align: left;\" data-start=\"1683\" data-end=\"1707\">Chauffeurs professionnels anglophones<\/p><\/li><\/ul>\t\t\t\t\t\t\t\t<\/div>\n\t\t\t\t<\/div>\n\t\t\t\t\t<\/div>\n\t\t<\/main>\n\t\t\t\t\t<\/div>\n\t\t<\/section>\n\t\t\t\t<section class=\"elementor-section elementor-top-section elementor-element elementor-element-101415a1 elementor-section-boxed elementor-section-height-default elementor-section-height-default\" data-id=\"101415a1\" data-element_type=\"section\" data-e-type=\"section\">\n\t\t\t\t\t\t<div class=\"elementor-container elementor-column-gap-default\">\n\t\t\t\t\t<main class=\"elementor-column elementor-col-100 elementor-top-column elementor-element elementor-element-1492a3a9\" data-id=\"1492a3a9\" data-element_type=\"column\" data-e-type=\"column\">\n\t\t\t<div class=\"elementor-widget-wrap elementor-element-populated\">\n\t\t\t\t\t\t<div class=\"elementor-element elementor-element-668cd9d7 elementor-widget elementor-widget-spacer\" data-id=\"668cd9d7\" data-element_type=\"widget\" data-e-type=\"widget\" data-widget_type=\"spacer.default\">\n\t\t\t\t<div class=\"elementor-widget-container\">\n\t\t\t\t\t\t\t<div class=\"elementor-spacer\">\n\t\t\t<div class=\"elementor-spacer-inner\"><\/div>\n\t\t<\/div>\n\t\t\t\t\t\t<\/div>\n\t\t\t\t<\/div>\n\t\t\t\t<div class=\"elementor-element elementor-element-67957628 elementor-align-center elementor-mobile-align-center elementor-widget-mobile__width-auto elementor-invisible elementor-widget elementor-widget-button\" data-id=\"67957628\" data-element_type=\"widget\" data-e-type=\"widget\" data-settings=\"{&quot;_animation&quot;:&quot;fadeInDown&quot;}\" data-widget_type=\"button.default\">\n\t\t\t\t<div class=\"elementor-widget-container\">\n\t\t\t\t\t\t\t\t\t<div class=\"elementor-button-wrapper\">\n\t\t\t\t\t<a class=\"elementor-button elementor-button-link elementor-size-sm\" href=\"https:\/\/transfers2airport.be\/fr\/book-charleroi-airport-taxi-transfer\/\">\n\t\t\t\t\t\t<span class=\"elementor-button-content-wrapper\">\n\t\t\t\t\t\t\t\t\t<span class=\"elementor-button-text\">R\u00e9servez votre transfert priv\u00e9 d\u00e8s maintenant !<\/span>\n\t\t\t\t\t<\/span>\n\t\t\t\t\t<\/a>\n\t\t\t\t<\/div>\n\t\t\t\t\t\t\t\t<\/div>\n\t\t\t\t<\/div>\n\t\t\t\t\t<\/div>\n\t\t<\/main>\n\t\t\t\t\t<\/div>\n\t\t<\/section>\n\t\t\t\t<\/div>","protected":false},"excerpt":{"rendered":"<p>Charleroi Airport (CRL) Transfers: Your Guide to Hassle-Free Travel Flying into Brussels South Charleroi Airport (CRL)?Here\u2019s the easiest way to reach your destination quickly, comfortably, and stress-free. Public Transport Options Bus + Train: You need to take a bus to Charleroi city, then a train to Brussels or other cities. Shuttle Buses: Direct shuttles to [&hellip;]<\/p>\n","protected":false},"author":1,"featured_media":0,"parent":0,"menu_order":0,"comment_status":"closed","ping_status":"closed","template":"elementor_header_footer","meta":{"footnotes":""},"class_list":["post-4843","page","type-page","status-publish","hentry"],"aioseo_notices":[],"_links":{"self":[{"href":"https:\/\/transfers2airport.be\/fr\/wp-json\/wp\/v2\/pages\/4843","targetHints":{"allow":["GET"]}}],"collection":[{"href":"https:\/\/transfers2airport.be\/fr\/wp-json\/wp\/v2\/pages"}],"about":[{"href":"https:\/\/transfers2airport.be\/fr\/wp-json\/wp\/v2\/types\/page"}],"author":[{"embeddable":true,"href":"https:\/\/transfers2airport.be\/fr\/wp-json\/wp\/v2\/users\/1"}],"replies":[{"embeddable":true,"href":"https:\/\/transfers2airport.be\/fr\/wp-json\/wp\/v2\/comments?post=4843"}],"version-history":[{"count":10,"href":"https:\/\/transfers2airport.be\/fr\/wp-json\/wp\/v2\/pages\/4843\/revisions"}],"predecessor-version":[{"id":8534,"href":"https:\/\/transfers2airport.be\/fr\/wp-json\/wp\/v2\/pages\/4843\/revisions\/8534"}],"wp:attachment":[{"href":"https:\/\/transfers2airport.be\/fr\/wp-json\/wp\/v2\/media?parent=4843"}],"curies":[{"name":"wp","href":"https:\/\/api.w.org\/{rel}","templated":true}]}}