{"id":4856,"date":"2025-04-28T14:11:53","date_gmt":"2025-04-28T13:11:53","guid":{"rendered":"https:\/\/transfers2airport.be\/?page_id=4856"},"modified":"2026-03-07T00:55:39","modified_gmt":"2026-03-06T23:55:39","slug":"charleroi-airport-crl-transfers-taxi","status":"publish","type":"page","link":"https:\/\/transfers2airport.be\/fr\/charleroi-airport-crl-transfers-taxi\/","title":{"rendered":"Charleroi Airport (CRL) Transfers Taxi"},"content":{"rendered":"<div data-elementor-type=\"wp-page\" data-elementor-id=\"4856\" class=\"elementor elementor-4856\">\n\t\t\t\t\t\t<section class=\"elementor-section elementor-top-section elementor-element elementor-element-22a2c5e8 elementor-section-boxed elementor-section-height-default elementor-section-height-default\" data-id=\"22a2c5e8\" data-element_type=\"section\" data-e-type=\"section\" id=\"top\">\n\t\t\t\t\t\t<div class=\"elementor-container elementor-column-gap-no\">\n\t\t\t\t\t<header class=\"elementor-column elementor-col-50 elementor-top-column elementor-element elementor-element-3c40f69\" data-id=\"3c40f69\" data-element_type=\"column\" data-e-type=\"column\">\n\t\t\t<div class=\"elementor-widget-wrap elementor-element-populated\">\n\t\t\t\t\t\t<div class=\"elementor-element elementor-element-1d58101c elementor-widget elementor-widget-heading\" data-id=\"1d58101c\" data-element_type=\"widget\" data-e-type=\"widget\" data-widget_type=\"heading.default\">\n\t\t\t\t<div class=\"elementor-widget-container\">\n\t\t\t\t\t<h1 class=\"elementor-heading-title elementor-size-default\">Transferts de l\u2019a\u00e9roport de Charleroi (CRL) \u2013 Rapides, S\u00fbrs et Abordables<\/h1>\t\t\t\t<\/div>\n\t\t\t\t<\/div>\n\t\t\t\t<div class=\"elementor-element elementor-element-158e7b26 elementor-widget-divider--view-line elementor-widget elementor-widget-divider\" data-id=\"158e7b26\" data-element_type=\"widget\" data-e-type=\"widget\" data-widget_type=\"divider.default\">\n\t\t\t\t<div class=\"elementor-widget-container\">\n\t\t\t\t\t\t\t<div class=\"elementor-divider\">\n\t\t\t<span class=\"elementor-divider-separator\">\n\t\t\t\t\t\t<\/span>\n\t\t<\/div>\n\t\t\t\t\t\t<\/div>\n\t\t\t\t<\/div>\n\t\t\t\t\t<\/div>\n\t\t<\/header>\n\t\t\t\t<div class=\"elementor-column elementor-col-50 elementor-top-column elementor-element elementor-element-2970b060\" data-id=\"2970b060\" data-element_type=\"column\" data-e-type=\"column\">\n\t\t\t<div class=\"elementor-widget-wrap elementor-element-populated\">\n\t\t\t\t\t\t<div class=\"elementor-element elementor-element-34b3b0c4 elementor-widget elementor-widget-image\" data-id=\"34b3b0c4\" data-element_type=\"widget\" data-e-type=\"widget\" data-widget_type=\"image.default\">\n\t\t\t\t<div class=\"elementor-widget-container\">\n\t\t\t\t\t\t\t\t\t\t\t\t\t\t\t<img decoding=\"async\" width=\"300\" height=\"94\" src=\"https:\/\/transfers2airport.be\/wp-content\/uploads\/2023\/03\/brucrl-header-300x94.webp\" class=\"attachment-medium size-medium wp-image-111\" alt=\"Airport Transfers | Brussels South Charleroi Airport\" srcset=\"https:\/\/transfers2airport.be\/wp-content\/uploads\/2023\/03\/brucrl-header-300x94.webp 300w, https:\/\/transfers2airport.be\/wp-content\/uploads\/2023\/03\/brucrl-header-1024x320.webp 1024w, https:\/\/transfers2airport.be\/wp-content\/uploads\/2023\/03\/brucrl-header-768x240.webp 768w, https:\/\/transfers2airport.be\/wp-content\/uploads\/2023\/03\/brucrl-header-1536x480.webp 1536w, https:\/\/transfers2airport.be\/wp-content\/uploads\/2023\/03\/brucrl-header.webp 1920w\" sizes=\"(max-width: 300px) 100vw, 300px\" \/>\t\t\t\t\t\t\t\t\t\t\t\t\t\t\t<\/div>\n\t\t\t\t<\/div>\n\t\t\t\t\t<\/div>\n\t\t<\/div>\n\t\t\t\t\t<\/div>\n\t\t<\/section>\n\t\t\t\t<section class=\"elementor-section elementor-top-section elementor-element elementor-element-2b365bdc elementor-section-boxed elementor-section-height-default elementor-section-height-default\" data-id=\"2b365bdc\" data-element_type=\"section\" data-e-type=\"section\">\n\t\t\t\t\t\t<div class=\"elementor-container elementor-column-gap-default\">\n\t\t\t\t\t<main class=\"elementor-column elementor-col-50 elementor-top-column elementor-element elementor-element-d233b3d\" data-id=\"d233b3d\" data-element_type=\"column\" data-e-type=\"column\">\n\t\t\t<div class=\"elementor-widget-wrap elementor-element-populated\">\n\t\t\t\t\t\t<div class=\"elementor-element elementor-element-7562c171 elementor-widget elementor-widget-heading\" data-id=\"7562c171\" data-element_type=\"widget\" data-e-type=\"widget\" data-widget_type=\"heading.default\">\n\t\t\t\t<div class=\"elementor-widget-container\">\n\t\t\t\t\t<h1 class=\"elementor-heading-title elementor-size-default\">Transferts priv\u00e9s depuis l\u2019a\u00e9roport de Charleroi (Brussels South)<\/h1>\t\t\t\t<\/div>\n\t\t\t\t<\/div>\n\t\t\t\t<div class=\"elementor-element elementor-element-1d15a20d elementor-widget__width-inherit elementor-widget elementor-widget-text-editor\" data-id=\"1d15a20d\" data-element_type=\"widget\" data-e-type=\"widget\" data-widget_type=\"text-editor.default\">\n\t\t\t\t<div class=\"elementor-widget-container\">\n\t\t\t\t\t\t\t\t\t<p style=\"text-align: left;\">Vous arrivez ou partez de <strong data-start=\"355\" data-end=\"382\">l\u2019a\u00e9roport de Charleroi (CRL) ?<\/strong>Aussi connu sous le nom de <strong data-start=\"398\" data-end=\"434\">Brussels South Charleroi Airport<\/strong>cet a\u00e9roport situ\u00e9 \u00e0 environ 60 km au sud de Bruxelles est un important hub pour les compagnies low-cost comme <strong>transfers2airport.be<\/strong>, your journey continues in comfort with <strong data-start=\"625\" data-end=\"668\">professional, private airport transfers<\/strong> to and from Charleroi.<\/p>\t\t\t\t\t\t\t\t<\/div>\n\t\t\t\t<\/div>\n\t\t\t\t\t<\/div>\n\t\t<\/main>\n\t\t\t\t<main class=\"elementor-column elementor-col-50 elementor-top-column elementor-element elementor-element-5ab75646\" data-id=\"5ab75646\" data-element_type=\"column\" data-e-type=\"column\">\n\t\t\t<div class=\"elementor-widget-wrap elementor-element-populated\">\n\t\t\t\t\t\t<div class=\"elementor-element elementor-element-7c6fa7e elementor-widget elementor-widget-heading\" data-id=\"7c6fa7e\" data-element_type=\"widget\" data-e-type=\"widget\" data-widget_type=\"heading.default\">\n\t\t\t\t<div class=\"elementor-widget-container\">\n\t\t\t\t\t<h2 class=\"elementor-heading-title elementor-size-default\">Voyagez sans stress depuis l\u2019a\u00e9roport de Charleroi<\/h2>\t\t\t\t<\/div>\n\t\t\t\t<\/div>\n\t\t\t\t<div class=\"elementor-element elementor-element-2eac7bc4 elementor-widget__width-inherit elementor-widget elementor-widget-text-editor\" data-id=\"2eac7bc4\" data-element_type=\"widget\" data-e-type=\"widget\" data-widget_type=\"text-editor.default\">\n\t\t\t\t<div class=\"elementor-widget-container\">\n\t\t\t\t\t\t\t\t\t<p class=\"\" data-start=\"748\" data-end=\"947\">\u00c9vitez les tracas des transports en commun ou l\u2019attente d\u2019un taxi.\nNos <strong data-start=\"811\" data-end=\"842\">transferts depuis l\u2019a\u00e9roport de Charleroi<\/strong> vous offrent une exp\u00e9rience fluide et pr\u00e9-arrang\u00e9e, pour rejoindre votre destination en toute s\u00e9curit\u00e9, \u00e0 l\u2019heure, et avec style.<\/p><p class=\"\" style=\"text-align: left;\" data-start=\"748\" data-end=\"947\">Ce que nous proposons :<\/p><ul data-start=\"971\" data-end=\"1213\"><li class=\"\" data-start=\"971\" data-end=\"1014\"><p class=\"\" data-start=\"973\" data-end=\"1014\"><strong data-start=\"973\" data-end=\"989\">Accueil personnalis\u00e9<\/strong> dans le hall des arriv\u00e9es<\/p><\/li><li class=\"\" data-start=\"1015\" data-end=\"1053\"><p class=\"\" data-start=\"1017\" data-end=\"1053\"><strong data-start=\"1017\" data-end=\"1036\">Suivi de vol en temps r\u00e9el<\/strong> \u2014 nous ajustons l\u2019heure de prise en charge en cas de retard<\/p><\/li><li class=\"\" data-start=\"1054\" data-end=\"1097\"><p class=\"\" data-start=\"1056\" data-end=\"1097\"><strong data-start=\"1056\" data-end=\"1097\">V\u00e9hicule priv\u00e9 \u2014 rien que pour vous ou votre groupe<\/strong><\/p><\/li><li class=\"\" data-start=\"1098\" data-end=\"1153\"><p class=\"\" data-start=\"1100\" data-end=\"1153\"><strong data-start=\"1100\" data-end=\"1128\">Chauffeurs professionnels anglophones<\/strong> \u2014 courtois, ponctuels et exp\u00e9riment\u00e9s<\/p><\/li><li class=\"\" data-start=\"1154\" data-end=\"1213\"><p class=\"\" data-start=\"1156\" data-end=\"1213\"><strong data-start=\"1156\" data-end=\"1175\">V\u00e9hicules modernes<\/strong> \u2014 confortables, avec de la place pour vos bagages<\/p><\/li><\/ul>\t\t\t\t\t\t\t\t<\/div>\n\t\t\t\t<\/div>\n\t\t\t\t\t<\/div>\n\t\t<\/main>\n\t\t\t\t\t<\/div>\n\t\t<\/section>\n\t\t\t\t<section class=\"elementor-section elementor-top-section elementor-element elementor-element-31d3f019 elementor-section-boxed elementor-section-height-default elementor-section-height-default\" data-id=\"31d3f019\" data-element_type=\"section\" data-e-type=\"section\">\n\t\t\t\t\t\t<div class=\"elementor-container elementor-column-gap-default\">\n\t\t\t\t\t<main class=\"elementor-column elementor-col-50 elementor-top-column elementor-element elementor-element-28e454c3\" data-id=\"28e454c3\" data-element_type=\"column\" data-e-type=\"column\">\n\t\t\t<div class=\"elementor-widget-wrap elementor-element-populated\">\n\t\t\t\t\t\t<div class=\"elementor-element elementor-element-771d08e9 elementor-widget elementor-widget-heading\" data-id=\"771d08e9\" data-element_type=\"widget\" data-e-type=\"widget\" data-widget_type=\"heading.default\">\n\t\t\t\t<div class=\"elementor-widget-container\">\n\t\t\t\t\t<h1 class=\"elementor-heading-title elementor-size-default\">Destinations populaires au d\u00e9part de l\u2019a\u00e9roport de Charleroi :<\/h1>\t\t\t\t<\/div>\n\t\t\t\t<\/div>\n\t\t\t\t<div class=\"elementor-element elementor-element-626e270b elementor-widget__width-inherit elementor-widget elementor-widget-text-editor\" data-id=\"626e270b\" data-element_type=\"widget\" data-e-type=\"widget\" data-widget_type=\"text-editor.default\">\n\t\t\t\t<div class=\"elementor-widget-container\">\n\t\t\t\t\t\t\t\t\t<ul data-start=\"1272\" data-end=\"1480\"><li class=\"\" data-start=\"1272\" data-end=\"1324\"><p class=\"\" data-start=\"1274\" data-end=\"1324\"><strong data-start=\"1274\" data-end=\"1286\">Bruxelles<\/strong> \u2013 centre-ville, h\u00f4tels, gares<\/p><\/li><li class=\"\" data-start=\"1325\" data-end=\"1361\"><p class=\"\" data-start=\"1327\" data-end=\"1361\"><strong data-start=\"1327\" data-end=\"1361\">Bruges, Gand, Anvers, Louvain<\/strong><\/p><\/li><li class=\"\" data-start=\"1362\" data-end=\"1434\"><p class=\"\" data-start=\"1364\" data-end=\"1434\"><strong data-start=\"1364\" data-end=\"1403\">Lille, Paris, Luxembourg, Amsterdam<\/strong> \u2013 transferts transfrontaliers disponibles<\/p><\/li><li class=\"\" data-start=\"1435\" data-end=\"1480\"><p class=\"\" data-start=\"1437\" data-end=\"1480\"><strong data-start=\"1437\" data-end=\"1480\">Parcs d\u2019attractions, centres d\u2019affaires, lieux touristiques et plus encore<\/strong><\/p><\/li><\/ul><p class=\"\" style=\"text-align: left;\" data-start=\"1482\" data-end=\"1562\">Quelle que soit votre destination, nous vous y conduisons efficacement et confortablement.<\/p>\t\t\t\t\t\t\t\t<\/div>\n\t\t\t\t<\/div>\n\t\t\t\t\t<\/div>\n\t\t<\/main>\n\t\t\t\t<main class=\"elementor-column elementor-col-50 elementor-top-column elementor-element elementor-element-17675c21\" data-id=\"17675c21\" data-element_type=\"column\" data-e-type=\"column\">\n\t\t\t<div class=\"elementor-widget-wrap elementor-element-populated\">\n\t\t\t\t\t\t<div class=\"elementor-element elementor-element-1e7026f6 elementor-widget elementor-widget-heading\" data-id=\"1e7026f6\" data-element_type=\"widget\" data-e-type=\"widget\" data-widget_type=\"heading.default\">\n\t\t\t\t<div class=\"elementor-widget-container\">\n\t\t\t\t\t<h2 class=\"elementor-heading-title elementor-size-default\">Tarification claire, sans frais cach\u00e9s<\/h2>\t\t\t\t<\/div>\n\t\t\t\t<\/div>\n\t\t\t\t<div class=\"elementor-element elementor-element-241d2a00 elementor-widget__width-inherit elementor-widget elementor-widget-text-editor\" data-id=\"241d2a00\" data-element_type=\"widget\" data-e-type=\"widget\" data-widget_type=\"text-editor.default\">\n\t\t\t\t<div class=\"elementor-widget-container\">\n\t\t\t\t\t\t\t\t\t<ul data-start=\"1608\" data-end=\"1727\"><li class=\"\" data-start=\"1608\" data-end=\"1647\"><p class=\"\" data-start=\"1610\" data-end=\"1647\">Tarifs fixes selon la destination<\/p><\/li><li class=\"\" data-start=\"1648\" data-end=\"1686\"><p class=\"\" data-start=\"1650\" data-end=\"1686\">Aucun suppl\u00e9ment pour le trafic ou les bagages<\/p><\/li><li class=\"\" data-start=\"1687\" data-end=\"1727\"><p class=\"\" data-start=\"1689\" data-end=\"1727\">Paiement s\u00e9curis\u00e9 en ligne ou directement au chauffeur<\/p><\/li><\/ul><p class=\"\" data-start=\"1729\" data-end=\"1779\"><strong data-start=\"1729\" data-end=\"1779\">Tarif typique : \u00e0 partir de 99 \u20ac pour le centre-ville de Bruxelles<\/strong><\/p>\t\t\t\t\t\t\t\t<\/div>\n\t\t\t\t<\/div>\n\t\t\t\t\t<\/div>\n\t\t<\/main>\n\t\t\t\t\t<\/div>\n\t\t<\/section>\n\t\t\t\t<section class=\"elementor-section elementor-top-section elementor-element elementor-element-61a03d29 elementor-section-boxed elementor-section-height-default elementor-section-height-default\" data-id=\"61a03d29\" data-element_type=\"section\" data-e-type=\"section\">\n\t\t\t\t\t\t<div class=\"elementor-container elementor-column-gap-default\">\n\t\t\t\t\t<main class=\"elementor-column elementor-col-50 elementor-top-column elementor-element elementor-element-5dccbb18\" data-id=\"5dccbb18\" data-element_type=\"column\" data-e-type=\"column\">\n\t\t\t<div class=\"elementor-widget-wrap elementor-element-populated\">\n\t\t\t\t\t\t<div class=\"elementor-element elementor-element-4b631190 elementor-widget elementor-widget-heading\" data-id=\"4b631190\" data-element_type=\"widget\" data-e-type=\"widget\" data-widget_type=\"heading.default\">\n\t\t\t\t<div class=\"elementor-widget-container\">\n\t\t\t\t\t<h1 class=\"elementor-heading-title elementor-size-default\">R\u00e9servez votre transfert en ligne \u2013 24h\/24 et 7j\/7<\/h1>\t\t\t\t<\/div>\n\t\t\t\t<\/div>\n\t\t\t\t<div class=\"elementor-element elementor-element-78941786 elementor-widget__width-inherit elementor-widget elementor-widget-text-editor\" data-id=\"78941786\" data-element_type=\"widget\" data-e-type=\"widget\" data-widget_type=\"text-editor.default\">\n\t\t\t\t<div class=\"elementor-widget-container\">\n\t\t\t\t\t\t\t\t\t<p class=\"\" data-start=\"1827\" data-end=\"1895\">R\u00e9server votre transfert avec transfers2airport.be, c\u2019est :<\/p><ul data-start=\"1896\" data-end=\"1995\"><li class=\"\" data-start=\"1896\" data-end=\"1931\"><p class=\"\" data-start=\"1898\" data-end=\"1931\">R\u00e9servation en ligne en moins de 2 minutes<\/p><\/li><li class=\"\" data-start=\"1932\" data-end=\"1963\"><p class=\"\" data-start=\"1934\" data-end=\"1963\">Confirmation imm\u00e9diate par e-mail<\/p><\/li><li class=\"\" data-start=\"1964\" data-end=\"1995\"><p class=\"\" style=\"text-align: left;\" data-start=\"1966\" data-end=\"1995\">Options d\u2019annulation flexibles<\/p><\/li><\/ul>\t\t\t\t\t\t\t\t<\/div>\n\t\t\t\t<\/div>\n\t\t\t\t\t<\/div>\n\t\t<\/main>\n\t\t\t\t<main class=\"elementor-column elementor-col-50 elementor-top-column elementor-element elementor-element-43510344\" data-id=\"43510344\" data-element_type=\"column\" data-e-type=\"column\">\n\t\t\t<div class=\"elementor-widget-wrap elementor-element-populated\">\n\t\t\t\t\t\t<div class=\"elementor-element elementor-element-3fe3caa4 elementor-widget elementor-widget-heading\" data-id=\"3fe3caa4\" data-element_type=\"widget\" data-e-type=\"widget\" data-widget_type=\"heading.default\">\n\t\t\t\t<div class=\"elementor-widget-container\">\n\t\t\t\t\t<h2 class=\"elementor-heading-title elementor-size-default\">Commencez votre voyage du bon pied avec transfers2airport.be<\/h2>\t\t\t\t<\/div>\n\t\t\t\t<\/div>\n\t\t\t\t<div class=\"elementor-element elementor-element-875f671 elementor-widget__width-inherit elementor-widget elementor-widget-text-editor\" data-id=\"875f671\" data-element_type=\"widget\" data-e-type=\"widget\" data-widget_type=\"text-editor.default\">\n\t\t\t\t<div class=\"elementor-widget-container\">\n\t\t\t\t\t\t\t\t\t<p class=\"\" data-start=\"2055\" data-end=\"2198\">Que vous voyagiez pour affaires ou pour le plaisir, nous vous assurons un transfert <strong data-start=\"2135\" data-end=\"2156\">fluide, abordable et 100 % fiable<\/strong> depuis l\u2019a\u00e9roport de Charleroi.<\/p><p class=\"\" style=\"text-align: left;\" data-start=\"2200\" data-end=\"2252\">\ud83d\udc49 <strong data-start=\"2203\" data-end=\"2215\">R\u00e9servez Maintenant<\/strong> et profitez de votre trajet en toute s\u00e9r\u00e9nit\u00e9.<\/p>\t\t\t\t\t\t\t\t<\/div>\n\t\t\t\t<\/div>\n\t\t\t\t\t<\/div>\n\t\t<\/main>\n\t\t\t\t\t<\/div>\n\t\t<\/section>\n\t\t\t\t<section class=\"elementor-section elementor-top-section elementor-element elementor-element-84c2d63 elementor-section-boxed elementor-section-height-default elementor-section-height-default\" data-id=\"84c2d63\" data-element_type=\"section\" data-e-type=\"section\">\n\t\t\t\t\t\t<div class=\"elementor-container elementor-column-gap-default\">\n\t\t\t\t\t<main class=\"elementor-column elementor-col-100 elementor-top-column elementor-element elementor-element-3d84d9f6\" data-id=\"3d84d9f6\" data-element_type=\"column\" data-e-type=\"column\">\n\t\t\t<div class=\"elementor-widget-wrap elementor-element-populated\">\n\t\t\t\t\t\t<div class=\"elementor-element elementor-element-4beeb114 elementor-widget elementor-widget-spacer\" data-id=\"4beeb114\" data-element_type=\"widget\" data-e-type=\"widget\" data-widget_type=\"spacer.default\">\n\t\t\t\t<div class=\"elementor-widget-container\">\n\t\t\t\t\t\t\t<div class=\"elementor-spacer\">\n\t\t\t<div class=\"elementor-spacer-inner\"><\/div>\n\t\t<\/div>\n\t\t\t\t\t\t<\/div>\n\t\t\t\t<\/div>\n\t\t\t\t<div class=\"elementor-element elementor-element-c0d183f elementor-align-center elementor-mobile-align-center elementor-widget-mobile__width-auto elementor-invisible elementor-widget elementor-widget-button\" data-id=\"c0d183f\" data-element_type=\"widget\" data-e-type=\"widget\" data-settings=\"{&quot;_animation&quot;:&quot;fadeInDown&quot;}\" data-widget_type=\"button.default\">\n\t\t\t\t<div class=\"elementor-widget-container\">\n\t\t\t\t\t\t\t\t\t<div class=\"elementor-button-wrapper\">\n\t\t\t\t\t<a class=\"elementor-button elementor-button-link elementor-size-sm\" href=\"https:\/\/transfers2airport.be\/fr\/book-charleroi-airport-taxi-transfer\/\">\n\t\t\t\t\t\t<span class=\"elementor-button-content-wrapper\">\n\t\t\t\t\t\t\t\t\t<span class=\"elementor-button-text\">R\u00e9servez maintenant et profitez de votre trajet en toute s\u00e9r\u00e9nit\u00e9.<\/span>\n\t\t\t\t\t<\/span>\n\t\t\t\t\t<\/a>\n\t\t\t\t<\/div>\n\t\t\t\t\t\t\t\t<\/div>\n\t\t\t\t<\/div>\n\t\t\t\t\t<\/div>\n\t\t<\/main>\n\t\t\t\t\t<\/div>\n\t\t<\/section>\n\t\t\t\t<\/div>","protected":false},"excerpt":{"rendered":"<p>Charleroi Airport (CRL) Transfers \u2013 Fast, Safe &amp; Affordable Private Airport Transfers from Brussels South Charleroi Airport Flying into or out of Charleroi Airport (CRL)? Also known as Brussels South Charleroi Airport, it is located about 60 km south of Brussels and serves as a major hub for low-cost airlines like Ryanair and Wizz Air. [&hellip;]<\/p>\n","protected":false},"author":1,"featured_media":0,"parent":0,"menu_order":0,"comment_status":"closed","ping_status":"closed","template":"elementor_header_footer","meta":{"footnotes":""},"class_list":["post-4856","page","type-page","status-publish","hentry"],"aioseo_notices":[],"_links":{"self":[{"href":"https:\/\/transfers2airport.be\/fr\/wp-json\/wp\/v2\/pages\/4856","targetHints":{"allow":["GET"]}}],"collection":[{"href":"https:\/\/transfers2airport.be\/fr\/wp-json\/wp\/v2\/pages"}],"about":[{"href":"https:\/\/transfers2airport.be\/fr\/wp-json\/wp\/v2\/types\/page"}],"author":[{"embeddable":true,"href":"https:\/\/transfers2airport.be\/fr\/wp-json\/wp\/v2\/users\/1"}],"replies":[{"embeddable":true,"href":"https:\/\/transfers2airport.be\/fr\/wp-json\/wp\/v2\/comments?post=4856"}],"version-history":[{"count":16,"href":"https:\/\/transfers2airport.be\/fr\/wp-json\/wp\/v2\/pages\/4856\/revisions"}],"predecessor-version":[{"id":8531,"href":"https:\/\/transfers2airport.be\/fr\/wp-json\/wp\/v2\/pages\/4856\/revisions\/8531"}],"wp:attachment":[{"href":"https:\/\/transfers2airport.be\/fr\/wp-json\/wp\/v2\/media?parent=4856"}],"curies":[{"name":"wp","href":"https:\/\/api.w.org\/{rel}","templated":true}]}}